{"id":2465,"date":"2023-10-16T03:09:53","date_gmt":"2023-10-16T03:09:53","guid":{"rendered":"https:\/\/nuevavidaparatodos.org\/tienda\/"},"modified":"2023-11-27T17:16:54","modified_gmt":"2023-11-27T17:16:54","slug":"tienda-solidaria","status":"publish","type":"page","link":"https:\/\/nuevavidaparatodos.org\/en\/tienda-solidaria\/","title":{"rendered":"Solidarity Store"},"content":{"rendered":"<p>[et_pb_section fb_built=&#8221;1&#8243; _builder_version=&#8221;4.16&#8243; background_color=&#8221;rgba(0,0,0,0.59)&#8221; background_color_gradient_direction=&#8221;90deg&#8221; background_image=&#8221;https:\/\/nuevavidaparatodos.org\/wp-content\/uploads\/2021\/07\/CTA1-scaled-1.jpg&#8221; background_position=&#8221;top_center&#8221; background_blend=&#8221;multiply&#8221; custom_padding=&#8221;20vh||||false|false&#8221; top_divider_style=&#8221;arrow&#8221; top_divider_color=&#8221;#fbbc64&#8243; top_divider_height=&#8221;15vh&#8221; global_colors_info=&#8221;{}&#8221;][et_pb_row _builder_version=&#8221;4.16&#8243; global_colors_info=&#8221;{}&#8221;][et_pb_column type=&#8221;4_4&#8243; _builder_version=&#8221;4.16&#8243; global_colors_info=&#8221;{}&#8221;][et_pb_text _builder_version=&#8221;4.16&#8243; text_font=&#8221;|600|||||||&#8221; text_line_height=&#8221;1.8em&#8221; header_font_size=&#8221;55px&#8221; header_2_font=&#8221;|||on|||||&#8221; header_2_font_size=&#8221;80px&#8221; header_4_font=&#8221;||||||||&#8221; header_4_text_color=&#8221;#fbbc64&#8243; header_4_line_height=&#8221;1.4em&#8221; background_layout=&#8221;dark&#8221; header_font_size_tablet=&#8221;30px&#8221; header_font_size_phone=&#8221;25px&#8221; header_font_size_last_edited=&#8221;on|phone&#8221; header_2_font_size_tablet=&#8221;60px&#8221; header_2_font_size_phone=&#8221;35px&#8221; header_2_font_size_last_edited=&#8221;on|phone&#8221; header_4_font_size_tablet=&#8221;20px&#8221; header_4_font_size_phone=&#8221;14px&#8221; header_4_font_size_last_edited=&#8221;on|phone&#8221; locked=&#8221;off&#8221; global_colors_info=&#8221;{}&#8221;]<\/p>\n<h4>Transforma comprando<\/h4>\n<h1>Regalos Corporativos<\/h1>\n<p>[\/et_pb_text][et_pb_text _builder_version=&#8221;4.22.2&#8243; _module_preset=&#8221;default&#8221; text_font=&#8221;||||||||&#8221; text_font_size=&#8221;25px&#8221; text_line_height=&#8221;1.4em&#8221; background_layout=&#8221;dark&#8221; module_alignment=&#8221;center&#8221; text_font_size_tablet=&#8221;20px&#8221; text_font_size_phone=&#8221;18px&#8221; text_font_size_last_edited=&#8221;on|phone&#8221; global_colors_info=&#8221;{}&#8221;]<\/p>\n<p style=\"text-align: justify;\"><strong>\u00a1Te damos la bienvenida a nuestro cat\u00e1logo de regalos corporativos!<\/strong><span> Comprando nuestros productos est\u00e1s apoyando la educaci\u00f3n de ni\u00f1os, ni\u00f1as y adolescentes de Ciudad Bol\u00edvar.<\/span><\/p>\n<p>[\/et_pb_text][\/et_pb_column][\/et_pb_row][\/et_pb_section][et_pb_section fb_built=&#8221;1&#8243; _builder_version=&#8221;4.22.2&#8243; _module_preset=&#8221;default&#8221; global_colors_info=&#8221;{}&#8221;][et_pb_row _builder_version=&#8221;4.22.2&#8243; _module_preset=&#8221;default&#8221; global_colors_info=&#8221;{}&#8221;][et_pb_column type=&#8221;4_4&#8243; _builder_version=&#8221;4.22.2&#8243; _module_preset=&#8221;default&#8221; global_colors_info=&#8221;{}&#8221;][et_pb_shop show_pagination=&#8221;on&#8221; columns_number=&#8221;3&#8243; _builder_version=&#8221;4.22.2&#8243; _module_preset=&#8221;default&#8221; global_colors_info=&#8221;{}&#8221;][\/et_pb_shop][\/et_pb_column][\/et_pb_row][\/et_pb_section][et_pb_section fb_built=&#8221;1&#8243; _builder_version=&#8221;4.16&#8243; _module_preset=&#8221;default&#8221; background_color=&#8221;#f9f9f9&#8243; global_colors_info=&#8221;{}&#8221;][et_pb_row use_custom_gutter=&#8221;on&#8221; gutter_width=&#8221;2&#8243; make_equal=&#8221;on&#8221; _builder_version=&#8221;4.22.2&#8243; _module_preset=&#8221;default&#8221; width=&#8221;95%&#8221; max_width=&#8221;1200px&#8221; global_colors_info=&#8221;{}&#8221;][et_pb_column type=&#8221;4_4&#8243; _builder_version=&#8221;4.16&#8243; _module_preset=&#8221;default&#8221; background_color=&#8221;#FFFFFF&#8221; custom_padding=&#8221;28px|15px|28px|15px|true|true&#8221; box_shadow_style=&#8221;preset1&#8243; global_colors_info=&#8221;{}&#8221;][et_pb_text _builder_version=&#8221;4.16&#8243; _module_preset=&#8221;default&#8221; text_font_size=&#8221;14px&#8221; text_orientation=&#8221;center&#8221; global_colors_info=&#8221;{}&#8221;]<\/p>\n<h2>\u00bfDESEAS APOYAR SIN COMPRAR?<\/h2>\n<p>Dona cualquier valor. Tu donaci\u00f3n est\u00e1ra destiana a cubrir los gastos de nuestros programas orientados a impulsar el proyecto de vida de nuestros beneficiarios con nuestros programas de impulsos a la educaci\u00f3n,\u00a0 exploraci\u00f3n de talentos y experiencias significativas<\/p>\n<p>[\/et_pb_text][et_pb_button button_url=&#8221;https:\/\/checkout.wompi.co\/l\/IlHCNr&#8221; url_new_window=&#8221;on&#8221; button_text=&#8221;DONAR&#8221; button_alignment=&#8221;center&#8221; _builder_version=&#8221;4.16&#8243; _module_preset=&#8221;default&#8221; custom_button=&#8221;on&#8221; button_text_size=&#8221;16px&#8221; button_text_color=&#8221;#FFFFFF&#8221; button_bg_color=&#8221;#f95353&#8243; button_border_width=&#8221;4px&#8221; button_border_color=&#8221;#f95353&#8243; button_border_radius=&#8221;30px&#8221; button_font=&#8221;|600|||||||&#8221; button_use_icon=&#8221;off&#8221; custom_padding=&#8221;8px|20px|8px|20px|false|true&#8221; global_colors_info=&#8221;{}&#8221; button_bg_color__hover_enabled=&#8221;on|hover&#8221; button_bg_color__hover=&#8221;#f93939&#8243; button_bg_enable_color__hover=&#8221;on&#8221; transform_styles__hover_enabled=&#8221;on|hover&#8221; transform_scale__hover_enabled=&#8221;on|hover&#8221; transform_translate__hover_enabled=&#8221;on|hover&#8221; transform_rotate__hover_enabled=&#8221;on|hover&#8221; transform_skew__hover_enabled=&#8221;on|hover&#8221; transform_origin__hover_enabled=&#8221;on|hover&#8221; transform_scale__hover=&#8221;105%|105%&#8221; button_border_color__hover_enabled=&#8221;on|hover&#8221; button_border_color__hover=&#8221;#f93939&#8243;][\/et_pb_button][\/et_pb_column][\/et_pb_row][\/et_pb_section][et_pb_section fb_built=&#8221;1&#8243; _builder_version=&#8221;4.16&#8243; _module_preset=&#8221;default&#8221; background_color=&#8221;#FFFFFF&#8221; background_enable_image=&#8221;off&#8221; custom_padding=&#8221;||170px||false|false&#8221; saved_tabs=&#8221;all&#8221; global_colors_info=&#8221;{}&#8221;][et_pb_row use_custom_gutter=&#8221;on&#8221; gutter_width=&#8221;1&#8243; make_equal=&#8221;on&#8221; _builder_version=&#8221;4.16&#8243; _module_preset=&#8221;default&#8221; custom_padding=&#8221;||||false|false&#8221; custom_css_main_element=&#8221;align-items: center;&#8221; locked=&#8221;off&#8221; global_colors_info=&#8221;{}&#8221;][et_pb_column type=&#8221;4_4&#8243; _builder_version=&#8221;4.16&#8243; _module_preset=&#8221;default&#8221; background_enable_image=&#8221;off&#8221; background_size=&#8221;initial&#8221; background_position=&#8221;center_right&#8221; custom_padding=&#8221;|5px|2px||false|false&#8221; global_colors_info=&#8221;{}&#8221;][et_pb_image src=&#8221;https:\/\/nuevavidaparatodos.org\/wp-content\/uploads\/2021\/07\/ICONnvpt.png&#8221; title_text=&#8221;ICONnvpt&#8221; align=&#8221;center&#8221; _builder_version=&#8221;4.16&#8243; _module_preset=&#8221;default&#8221; max_width=&#8221;120px&#8221; module_alignment=&#8221;center&#8221; locked=&#8221;off&#8221; global_colors_info=&#8221;{}&#8221;][\/et_pb_image][et_pb_text _builder_version=&#8221;4.16&#8243; _module_preset=&#8221;default&#8221; text_orientation=&#8221;center&#8221; custom_margin=&#8221;0px||0px||false|false&#8221; custom_padding=&#8221;0px||0px||false|false&#8221; global_colors_info=&#8221;{}&#8221;]<\/p>\n<h2>HISTORIAS MEMORABLES<\/h2>\n<p>[\/et_pb_text][et_pb_divider color=&#8221;#05bcc1&#8243; divider_weight=&#8221;5px&#8221; _builder_version=&#8221;4.16&#8243; _module_preset=&#8221;default&#8221; width=&#8221;45px&#8221; module_alignment=&#8221;center&#8221; locked=&#8221;off&#8221; global_colors_info=&#8221;{}&#8221;][\/et_pb_divider][et_pb_text _builder_version=&#8221;4.16&#8243; _module_preset=&#8221;default&#8221; text_orientation=&#8221;center&#8221; max_width=&#8221;800px&#8221; module_alignment=&#8221;center&#8221; custom_margin=&#8221;0px||0px||false|false&#8221; custom_padding=&#8221;0px||0px||false|false&#8221; global_colors_info=&#8221;{}&#8221;]<\/p>\n<p><span>Los protagonistas de nuestras memorias son el mejor balance de nuestra gesti\u00f3n,\u00a0 el resultado del impacto social de estos 20 a\u00f1os al servicio de nuestros beneficiarios.<\/span><\/p>\n<p>[\/et_pb_text][\/et_pb_column][\/et_pb_row][et_pb_row use_custom_gutter=&#8221;on&#8221; gutter_width=&#8221;2&#8243; _builder_version=&#8221;4.9.4&#8243; _module_preset=&#8221;default&#8221; global_module=&#8221;1103&#8243; saved_tabs=&#8221;all&#8221; global_colors_info=&#8221;{}&#8221;][et_pb_column type=&#8221;4_4&#8243; _builder_version=&#8221;4.16&#8243; _module_preset=&#8221;default&#8221; global_colors_info=&#8221;{}&#8221;][et_pb_blog fullwidth=&#8221;off&#8221; posts_number=&#8221;3&#8243; include_categories=&#8221;9,10&#8243; use_manual_excerpt=&#8221;off&#8221; excerpt_length=&#8221;130&#8243; show_more=&#8221;on&#8221; show_author=&#8221;off&#8221; show_categories=&#8221;off&#8221; show_pagination=&#8221;off&#8221; _builder_version=&#8221;4.16&#8243; _module_preset=&#8221;default&#8221; header_font=&#8221;|600|||||||&#8221; body_font=&#8221;||||||||&#8221; meta_font=&#8221;||||||||&#8221; meta_text_color=&#8221;#969696&#8243; meta_font_size=&#8221;14px&#8221; read_more_font=&#8221;|600||on|on||||&#8221; read_more_line_height=&#8221;2em&#8221; background_color=&#8221;RGBA(0,0,0,0)&#8221; module_alignment=&#8221;center&#8221; custom_padding=&#8221;||||false|false&#8221; custom_css_title=&#8221;margin-bottom: 3px;&#8221; custom_css_post_meta=&#8221;margin-top: -5px;&#8221; custom_css_featured_image=&#8221;||&#8221; border_width_all=&#8221;0px&#8221; box_shadow_style=&#8221;preset1&#8243; box_shadow_color=&#8221;rgba(0,0,0,0.09)&#8221; global_colors_info=&#8221;{}&#8221; transform_styles__hover_enabled=&#8221;off|hover&#8221; transform_scale__hover_enabled=&#8221;off|hover&#8221; transform_translate__hover_enabled=&#8221;off|hover&#8221; transform_rotate__hover_enabled=&#8221;off|hover&#8221; transform_skew__hover_enabled=&#8221;off|hover&#8221; transform_origin__hover_enabled=&#8221;off|hover&#8221;][\/et_pb_blog][et_pb_button button_url=&#8221;https:\/\/nuevavidaparatodos.org\/testimonios&#8221; button_text=&#8221;VER TESTIMONIOS&#8221; button_alignment=&#8221;center&#8221; _builder_version=&#8221;4.16&#8243; _module_preset=&#8221;default&#8221; custom_button=&#8221;on&#8221; button_text_size=&#8221;16px&#8221; button_text_color=&#8221;#FFFFFF&#8221; button_bg_color=&#8221;#f95353&#8243; button_border_width=&#8221;4px&#8221; button_border_color=&#8221;#f95353&#8243; button_border_radius=&#8221;30px&#8221; button_font=&#8221;|600|||||||&#8221; button_use_icon=&#8221;off&#8221; custom_padding=&#8221;8px|20px|8px|20px|false|true&#8221; locked=&#8221;off&#8221; global_colors_info=&#8221;{}&#8221; button_bg_color__hover_enabled=&#8221;on|hover&#8221; button_bg_color__hover=&#8221;#f93939&#8243; button_bg_enable_color__hover=&#8221;on&#8221; transform_styles__hover_enabled=&#8221;on|hover&#8221; transform_scale__hover_enabled=&#8221;on|hover&#8221; transform_translate__hover_enabled=&#8221;on|hover&#8221; transform_rotate__hover_enabled=&#8221;on|hover&#8221; transform_skew__hover_enabled=&#8221;on|hover&#8221; transform_origin__hover_enabled=&#8221;on|hover&#8221; transform_scale__hover=&#8221;105%|105%&#8221; button_border_color__hover_enabled=&#8221;on|hover&#8221; button_border_color__hover=&#8221;#f93939&#8243;][\/et_pb_button][\/et_pb_column][\/et_pb_row][\/et_pb_section]<\/p>\n","protected":false},"excerpt":{"rendered":"<p>Transforma comprando Regalos Corporativos\u00a1Te damos la bienvenida a nuestro cat\u00e1logo de regalos corporativos! Comprando nuestros productos est\u00e1s apoyando la educaci\u00f3n de ni\u00f1os, ni\u00f1as y adolescentes de Ciudad Bol\u00edvar.\u00bfDESEAS APOYAR SIN COMPRAR? Dona cualquier valor. Tu donaci\u00f3n est\u00e1ra destiana a cubrir los gastos de nuestros programas orientados a impulsar el proyecto de vida de nuestros beneficiarios [&hellip;]<\/p>\n","protected":false},"author":7,"featured_media":0,"parent":0,"menu_order":0,"comment_status":"closed","ping_status":"closed","template":"","meta":{"nf_dc_page":"","_et_pb_use_builder":"on","_et_pb_old_content":"","_et_gb_content_width":"","footnotes":""},"class_list":["post-2465","page","type-page","status-publish","hentry"],"yoast_head":"<!-- This site is optimized with the Yoast SEO Premium plugin v18.8 (Yoast SEO v27.5) - https:\/\/yoast.com\/product\/yoast-seo-premium-wordpress\/ -->\n<title>Tienda Solidaria - Nueva Vida Para Todos<\/title>\n<meta name=\"robots\" content=\"index, follow, max-snippet:-1, max-image-preview:large, max-video-preview:-1\" \/>\n<link rel=\"canonical\" href=\"https:\/\/nuevavidaparatodos.org\/en\/tienda-solidaria\/\" \/>\n<meta property=\"og:locale\" content=\"en_US\" \/>\n<meta property=\"og:type\" content=\"article\" \/>\n<meta property=\"og:title\" content=\"Tienda Solidaria\" \/>\n<meta property=\"og:description\" content=\"Transforma comprando Regalos Corporativos\u00a1Te damos la bienvenida a nuestro cat\u00e1logo de regalos corporativos! Comprando nuestros productos est\u00e1s apoyando la educaci\u00f3n de ni\u00f1os, ni\u00f1as y adolescentes de Ciudad Bol\u00edvar.\u00bfDESEAS APOYAR SIN COMPRAR? Dona cualquier valor. Tu donaci\u00f3n est\u00e1ra destiana a cubrir los gastos de nuestros programas orientados a impulsar el proyecto de vida de nuestros beneficiarios [&hellip;]\" \/>\n<meta property=\"og:url\" content=\"https:\/\/nuevavidaparatodos.org\/en\/tienda-solidaria\/\" \/>\n<meta property=\"og:site_name\" content=\"Nueva Vida Para Todos\" \/>\n<meta property=\"article:modified_time\" content=\"2023-11-27T17:16:54+00:00\" \/>\n<meta name=\"twitter:card\" content=\"summary_large_image\" \/>\n<meta name=\"twitter:label1\" content=\"Est. reading time\" \/>\n\t<meta name=\"twitter:data1\" content=\"3 minutes\" \/>\n<script type=\"application\/ld+json\" class=\"yoast-schema-graph\">{\"@context\":\"https:\\\/\\\/schema.org\",\"@graph\":[{\"@type\":\"WebPage\",\"@id\":\"https:\\\/\\\/nuevavidaparatodos.org\\\/tienda-solidaria\\\/\",\"url\":\"https:\\\/\\\/nuevavidaparatodos.org\\\/tienda-solidaria\\\/\",\"name\":\"Tienda Solidaria - Nueva Vida Para Todos\",\"isPartOf\":{\"@id\":\"https:\\\/\\\/nuevavidaparatodos.org\\\/#website\"},\"datePublished\":\"2023-10-16T03:09:53+00:00\",\"dateModified\":\"2023-11-27T17:16:54+00:00\",\"breadcrumb\":{\"@id\":\"https:\\\/\\\/nuevavidaparatodos.org\\\/tienda-solidaria\\\/#breadcrumb\"},\"inLanguage\":\"en-US\",\"potentialAction\":[{\"@type\":\"ReadAction\",\"target\":[\"https:\\\/\\\/nuevavidaparatodos.org\\\/tienda-solidaria\\\/\"]}]},{\"@type\":\"BreadcrumbList\",\"@id\":\"https:\\\/\\\/nuevavidaparatodos.org\\\/tienda-solidaria\\\/#breadcrumb\",\"itemListElement\":[{\"@type\":\"ListItem\",\"position\":1,\"name\":\"Portada\",\"item\":\"https:\\\/\\\/nuevavidaparatodos.org\\\/\"},{\"@type\":\"ListItem\",\"position\":2,\"name\":\"Tienda Solidaria\"}]},{\"@type\":\"WebSite\",\"@id\":\"https:\\\/\\\/nuevavidaparatodos.org\\\/#website\",\"url\":\"https:\\\/\\\/nuevavidaparatodos.org\\\/\",\"name\":\"Nueva Vida Para Todos\",\"description\":\"\",\"potentialAction\":[{\"@type\":\"SearchAction\",\"target\":{\"@type\":\"EntryPoint\",\"urlTemplate\":\"https:\\\/\\\/nuevavidaparatodos.org\\\/?s={search_term_string}\"},\"query-input\":{\"@type\":\"PropertyValueSpecification\",\"valueRequired\":true,\"valueName\":\"search_term_string\"}}],\"inLanguage\":\"en-US\"}]}<\/script>\n<!-- \/ Yoast SEO Premium plugin. -->","yoast_head_json":{"title":"Tienda Solidaria - Nueva Vida Para Todos","robots":{"index":"index","follow":"follow","max-snippet":"max-snippet:-1","max-image-preview":"max-image-preview:large","max-video-preview":"max-video-preview:-1"},"canonical":"https:\/\/nuevavidaparatodos.org\/en\/tienda-solidaria\/","og_locale":"en_US","og_type":"article","og_title":"Tienda Solidaria","og_description":"Transforma comprando Regalos Corporativos\u00a1Te damos la bienvenida a nuestro cat\u00e1logo de regalos corporativos! Comprando nuestros productos est\u00e1s apoyando la educaci\u00f3n de ni\u00f1os, ni\u00f1as y adolescentes de Ciudad Bol\u00edvar.\u00bfDESEAS APOYAR SIN COMPRAR? Dona cualquier valor. Tu donaci\u00f3n est\u00e1ra destiana a cubrir los gastos de nuestros programas orientados a impulsar el proyecto de vida de nuestros beneficiarios [&hellip;]","og_url":"https:\/\/nuevavidaparatodos.org\/en\/tienda-solidaria\/","og_site_name":"Nueva Vida Para Todos","article_modified_time":"2023-11-27T17:16:54+00:00","twitter_card":"summary_large_image","twitter_misc":{"Est. reading time":"3 minutes"},"schema":{"@context":"https:\/\/schema.org","@graph":[{"@type":"WebPage","@id":"https:\/\/nuevavidaparatodos.org\/tienda-solidaria\/","url":"https:\/\/nuevavidaparatodos.org\/tienda-solidaria\/","name":"Tienda Solidaria - Nueva Vida Para Todos","isPartOf":{"@id":"https:\/\/nuevavidaparatodos.org\/#website"},"datePublished":"2023-10-16T03:09:53+00:00","dateModified":"2023-11-27T17:16:54+00:00","breadcrumb":{"@id":"https:\/\/nuevavidaparatodos.org\/tienda-solidaria\/#breadcrumb"},"inLanguage":"en-US","potentialAction":[{"@type":"ReadAction","target":["https:\/\/nuevavidaparatodos.org\/tienda-solidaria\/"]}]},{"@type":"BreadcrumbList","@id":"https:\/\/nuevavidaparatodos.org\/tienda-solidaria\/#breadcrumb","itemListElement":[{"@type":"ListItem","position":1,"name":"Portada","item":"https:\/\/nuevavidaparatodos.org\/"},{"@type":"ListItem","position":2,"name":"Tienda Solidaria"}]},{"@type":"WebSite","@id":"https:\/\/nuevavidaparatodos.org\/#website","url":"https:\/\/nuevavidaparatodos.org\/","name":"New Life For All","description":"","potentialAction":[{"@type":"SearchAction","target":{"@type":"EntryPoint","urlTemplate":"https:\/\/nuevavidaparatodos.org\/?s={search_term_string}"},"query-input":{"@type":"PropertyValueSpecification","valueRequired":true,"valueName":"search_term_string"}}],"inLanguage":"en-US"}]}},"jetpack_sharing_enabled":true,"_links":{"self":[{"href":"https:\/\/nuevavidaparatodos.org\/en\/wp-json\/wp\/v2\/pages\/2465","targetHints":{"allow":["GET"]}}],"collection":[{"href":"https:\/\/nuevavidaparatodos.org\/en\/wp-json\/wp\/v2\/pages"}],"about":[{"href":"https:\/\/nuevavidaparatodos.org\/en\/wp-json\/wp\/v2\/types\/page"}],"author":[{"embeddable":true,"href":"https:\/\/nuevavidaparatodos.org\/en\/wp-json\/wp\/v2\/users\/7"}],"replies":[{"embeddable":true,"href":"https:\/\/nuevavidaparatodos.org\/en\/wp-json\/wp\/v2\/comments?post=2465"}],"version-history":[{"count":6,"href":"https:\/\/nuevavidaparatodos.org\/en\/wp-json\/wp\/v2\/pages\/2465\/revisions"}],"predecessor-version":[{"id":2979,"href":"https:\/\/nuevavidaparatodos.org\/en\/wp-json\/wp\/v2\/pages\/2465\/revisions\/2979"}],"wp:attachment":[{"href":"https:\/\/nuevavidaparatodos.org\/en\/wp-json\/wp\/v2\/media?parent=2465"}],"curies":[{"name":"wp","href":"https:\/\/api.w.org\/{rel}","templated":true}]}}