{"id":941,"date":"2021-07-23T22:06:54","date_gmt":"2021-07-23T22:06:54","guid":{"rendered":"https:\/\/nuevavidaparatodos.org\/?page_id=941"},"modified":"2021-08-10T03:02:16","modified_gmt":"2021-08-10T03:02:16","slug":"nosotros","status":"publish","type":"page","link":"https:\/\/nuevavidaparatodos.org\/en\/nosotros\/","title":{"rendered":"US"},"content":{"rendered":"<p>[et_pb_section fb_built=&#8221;1&#8243; _builder_version=&#8221;4.9.4&#8243; background_color=&#8221;rgba(0,0,0,0.43)&#8221; background_color_gradient_direction=&#8221;90deg&#8221; background_image=&#8221;https:\/\/nuevavidaparatodos.org\/wp-content\/uploads\/2021\/07\/COVER-1.jpg&#8221; background_blend=&#8221;multiply&#8221; custom_padding=&#8221;20vh||||false|false&#8221; top_divider_style=&#8221;arrow&#8221; top_divider_color=&#8221;#fbbc64&#8243; top_divider_height=&#8221;15vh&#8221;][et_pb_row _builder_version=&#8221;4.4.1&#8243;][et_pb_column type=&#8221;4_4&#8243; _builder_version=&#8221;4.4.1&#8243;][et_pb_text _builder_version=&#8221;4.9.7&#8243; text_font=&#8221;|600|||||||&#8221; text_line_height=&#8221;1.8em&#8221; header_font_size=&#8221;55px&#8221; header_2_font=&#8221;|||on|||||&#8221; header_2_font_size=&#8221;80px&#8221; header_4_font=&#8221;||||||||&#8221; header_4_text_color=&#8221;#fbbc64&#8243; header_4_line_height=&#8221;1.4em&#8221; background_layout=&#8221;dark&#8221; header_font_size_tablet=&#8221;30px&#8221; header_font_size_phone=&#8221;25px&#8221; header_font_size_last_edited=&#8221;on|phone&#8221; header_2_font_size_tablet=&#8221;60px&#8221; header_2_font_size_phone=&#8221;35px&#8221; header_2_font_size_last_edited=&#8221;on|phone&#8221; header_4_font_size_tablet=&#8221;20px&#8221; header_4_font_size_phone=&#8221;14px&#8221; header_4_font_size_last_edited=&#8221;on|phone&#8221; locked=&#8221;off&#8221;]<\/p>\n<h4>Nosotros<\/h4>\n<h1>Fundaci\u00f3n Nueva Vida Para Todos<\/h1>\n<p>[\/et_pb_text][et_pb_text _builder_version=&#8221;4.9.7&#8243; _module_preset=&#8221;default&#8221; text_font=&#8221;||||||||&#8221; text_font_size=&#8221;25px&#8221; text_line_height=&#8221;1.4em&#8221; background_layout=&#8221;dark&#8221; module_alignment=&#8221;center&#8221; text_font_size_tablet=&#8221;20px&#8221; text_font_size_phone=&#8221;18px&#8221; text_font_size_last_edited=&#8221;on|phone&#8221;]<\/p>\n<p>Nueva Vida Para Todos es una Fundaci\u00f3n sin \u00e1nimo de lucro, con m\u00e1s de 20 a\u00f1os de experiencia, dedicada a impulsar la educaci\u00f3n y promover el proyecto de vida de ni\u00f1os, ni\u00f1as y adolescentes en condici\u00f3n de vulnerabilidad, en la localidad de Ciudad Bol\u00edvar.<\/p>\n<p>[\/et_pb_text][\/et_pb_column][\/et_pb_row][\/et_pb_section][et_pb_section fb_built=&#8221;1&#8243; custom_padding_last_edited=&#8221;off|desktop&#8221; _builder_version=&#8221;4.9.4&#8243; _module_preset=&#8221;default&#8221; background_enable_color=&#8221;off&#8221; background_enable_image=&#8221;off&#8221; background_blend=&#8221;multiply&#8221; custom_padding=&#8221;||||false|false&#8221; custom_padding_tablet=&#8221;250px||10px||false|false&#8221; custom_padding_phone=&#8221;250px||10px||false|false&#8221; background_last_edited=&#8221;off|desktop&#8221; parallax_tablet=&#8221;off&#8221; parallax_phone=&#8221;off&#8221; background_position_tablet=&#8221;bottom_center&#8221; background_position_phone=&#8221;bottom_center&#8221; border_width_top=&#8221;4px&#8221; border_color_top=&#8221;#f95353&#8243;][et_pb_row column_structure=&#8221;1_2,1_2&#8243; make_equal=&#8221;on&#8221; _builder_version=&#8221;4.9.4&#8243; _module_preset=&#8221;default&#8221; custom_css_main_element=&#8221;align-items: center;&#8221; locked=&#8221;off&#8221;][et_pb_column type=&#8221;1_2&#8243; _builder_version=&#8221;4.9.4&#8243; _module_preset=&#8221;default&#8221; background_color=&#8221;#05bcc1&#8243; custom_padding=&#8221;5%|5%|5%|5%|true|true&#8221; custom_padding_tablet=&#8221;15%|15%|15%|15%|true|true&#8221; custom_padding_phone=&#8221;10%|10%|10%|10%|true|true&#8221; custom_padding_last_edited=&#8221;on|phone&#8221; border_color_all=&#8221;#05bcc1&#8243; box_shadow_style=&#8221;preset4&#8243;][et_pb_text _builder_version=&#8221;4.9.4&#8243; _module_preset=&#8221;default&#8221; header_2_font=&#8221;|700|||||||&#8221; background_layout=&#8221;dark&#8221; custom_margin=&#8221;||3px||false|false&#8221;]<\/p>\n<h2>QU\u00c9 NOS HACE \u00daNICOS<\/h2>\n<p>[\/et_pb_text][et_pb_divider color=&#8221;#fbbc64&#8243; divider_weight=&#8221;5px&#8221; _builder_version=&#8221;4.9.4&#8243; _module_preset=&#8221;default&#8221; width=&#8221;80px&#8221; module_alignment=&#8221;left&#8221; custom_margin=&#8221;||0px||false|false&#8221;][\/et_pb_divider][et_pb_text _builder_version=&#8221;4.9.4&#8243; _module_preset=&#8221;default&#8221; header_2_font=&#8221;|700|||||||&#8221; background_layout=&#8221;dark&#8221;]<\/p>\n<p>Promovemos de manera<strong> individualizada <\/strong>y de<strong> largo plazo<\/strong>, la educaci\u00f3n y los proyectos de vida de ni\u00f1os, ni\u00f1as y adolescentes en condiciones de vulnerabilidad.<\/p>\n<p>[\/et_pb_text][et_pb_button button_url=&#8221;@ET-DC@eyJkeW5hbWljIjp0cnVlLCJjb250ZW50IjoicG9zdF9saW5rX3VybF9wYWdlIiwic2V0dGluZ3MiOnsicG9zdF9pZCI6Ijk4MCJ9fQ==@&#8221; button_text=&#8221;SABER M\u00c1S&#8221; button_alignment=&#8221;left&#8221; _builder_version=&#8221;4.9.10&#8243; _dynamic_attributes=&#8221;button_url&#8221; _module_preset=&#8221;default&#8221; custom_button=&#8221;on&#8221; button_text_size=&#8221;18px&#8221; button_text_color=&#8221;#FFFFFF&#8221; button_bg_color=&#8221;#f95353&#8243; button_border_width=&#8221;4px&#8221; button_border_color=&#8221;#f95353&#8243; button_border_radius=&#8221;30px&#8221; button_font=&#8221;|600|||||||&#8221; button_use_icon=&#8221;off&#8221; custom_padding=&#8221;5px|15%|5px|15%|true|true&#8221; locked=&#8221;off&#8221; button_bg_color__hover_enabled=&#8221;on|hover&#8221; button_bg_color__hover=&#8221;#f93939&#8243; button_bg_enable_color__hover=&#8221;on&#8221; transform_styles__hover_enabled=&#8221;on|hover&#8221; transform_scale__hover_enabled=&#8221;on|hover&#8221; transform_translate__hover_enabled=&#8221;on|hover&#8221; transform_rotate__hover_enabled=&#8221;on|hover&#8221; transform_skew__hover_enabled=&#8221;on|hover&#8221; transform_origin__hover_enabled=&#8221;on|hover&#8221; transform_scale__hover=&#8221;105%|105%&#8221; button_border_color__hover_enabled=&#8221;on|hover&#8221; button_border_color__hover=&#8221;#f93939&#8243;][\/et_pb_button][\/et_pb_column][et_pb_column type=&#8221;1_2&#8243; _builder_version=&#8221;4.9.4&#8243; _module_preset=&#8221;default&#8221; custom_padding=&#8221;||||true|true&#8221; custom_padding_tablet=&#8221;15%|15%|15%|15%|true|true&#8221; custom_padding_last_edited=&#8221;off|phone&#8221;][et_pb_image src=&#8221;https:\/\/nuevavidaparatodos.org\/wp-content\/uploads\/2021\/07\/1.jpg&#8221; title_text=&#8221;1&#8243; _builder_version=&#8221;4.9.4&#8243; _module_preset=&#8221;default&#8221; hover_enabled=&#8221;0&#8243; sticky_enabled=&#8221;0&#8243;][\/et_pb_image][\/et_pb_column][\/et_pb_row][et_pb_row column_structure=&#8221;1_2,1_2&#8243; make_equal=&#8221;on&#8221; _builder_version=&#8221;4.9.4&#8243; _module_preset=&#8221;default&#8221; custom_css_main_element=&#8221;align-items: center;&#8221; locked=&#8221;off&#8221;][et_pb_column type=&#8221;1_2&#8243; _builder_version=&#8221;4.9.4&#8243; _module_preset=&#8221;default&#8221; custom_padding=&#8221;||||true|true&#8221; custom_padding_tablet=&#8221;15%|15%|15%|15%|true|true&#8221; custom_padding_last_edited=&#8221;off|phone&#8221;][et_pb_image src=&#8221;https:\/\/nuevavidaparatodos.org\/wp-content\/uploads\/2021\/07\/2-1-1.jpg&#8221; title_text=&#8221;2&#8243; _builder_version=&#8221;4.9.4&#8243; _module_preset=&#8221;default&#8221;][\/et_pb_image][\/et_pb_column][et_pb_column type=&#8221;1_2&#8243; _builder_version=&#8221;4.9.4&#8243; _module_preset=&#8221;default&#8221; background_color=&#8221;#05bcc1&#8243; custom_padding=&#8221;5%|5%|5%|5%|true|true&#8221; custom_padding_tablet=&#8221;15%|15%|15%|15%|true|true&#8221; custom_padding_phone=&#8221;10%|10%|10%|10%|true|true&#8221; custom_padding_last_edited=&#8221;on|phone&#8221; border_color_all=&#8221;#05bcc1&#8243; box_shadow_style=&#8221;preset4&#8243;][et_pb_text _builder_version=&#8221;4.9.4&#8243; _module_preset=&#8221;default&#8221; header_2_font=&#8221;|700|||||||&#8221; background_layout=&#8221;dark&#8221; custom_margin=&#8221;||3px||false|false&#8221;]<\/p>\n<h2>NUESTRA HISTORIA<\/h2>\n<p>[\/et_pb_text][et_pb_divider color=&#8221;#fbbc64&#8243; divider_weight=&#8221;5px&#8221; _builder_version=&#8221;4.9.4&#8243; _module_preset=&#8221;default&#8221; width=&#8221;80px&#8221; module_alignment=&#8221;left&#8221; custom_margin=&#8221;||0px||false|false&#8221;][\/et_pb_divider][et_pb_text _builder_version=&#8221;4.9.4&#8243; _module_preset=&#8221;default&#8221; header_2_font=&#8221;|700|||||||&#8221; background_layout=&#8221;dark&#8221;]<\/p>\n<p>Te invitamos a realizar un viaje en el tiempo por  estos 20 a\u00f1os de servicio que han posiblitado el logro  acad\u00e9mico y desarrollo personal de nuestros beneficiarios.\n<\/p>\n<p>[\/et_pb_text][et_pb_button button_url=&#8221;@ET-DC@eyJkeW5hbWljIjp0cnVlLCJjb250ZW50IjoicG9zdF9saW5rX3VybF9wYWdlIiwic2V0dGluZ3MiOnsicG9zdF9pZCI6IjkzOCJ9fQ==@&#8221; button_text=&#8221;SABER M\u00c1S&#8221; button_alignment=&#8221;left&#8221; _builder_version=&#8221;4.9.10&#8243; _dynamic_attributes=&#8221;button_url&#8221; _module_preset=&#8221;default&#8221; custom_button=&#8221;on&#8221; button_text_size=&#8221;18px&#8221; button_text_color=&#8221;#FFFFFF&#8221; button_bg_color=&#8221;#f95353&#8243; button_border_width=&#8221;4px&#8221; button_border_color=&#8221;#f95353&#8243; button_border_radius=&#8221;30px&#8221; button_font=&#8221;|600|||||||&#8221; button_use_icon=&#8221;off&#8221; custom_padding=&#8221;5px|15%|5px|15%|true|true&#8221; locked=&#8221;off&#8221; button_bg_color__hover_enabled=&#8221;on|hover&#8221; button_bg_color__hover=&#8221;#f93939&#8243; button_bg_enable_color__hover=&#8221;on&#8221; transform_styles__hover_enabled=&#8221;on|hover&#8221; transform_scale__hover_enabled=&#8221;on|hover&#8221; transform_translate__hover_enabled=&#8221;on|hover&#8221; transform_rotate__hover_enabled=&#8221;on|hover&#8221; transform_skew__hover_enabled=&#8221;on|hover&#8221; transform_origin__hover_enabled=&#8221;on|hover&#8221; transform_scale__hover=&#8221;105%|105%&#8221; button_border_color__hover_enabled=&#8221;on|hover&#8221; button_border_color__hover=&#8221;#f93939&#8243;][\/et_pb_button][\/et_pb_column][\/et_pb_row][et_pb_row column_structure=&#8221;1_2,1_2&#8243; make_equal=&#8221;on&#8221; _builder_version=&#8221;4.9.4&#8243; _module_preset=&#8221;default&#8221; custom_css_main_element=&#8221;align-items: center;&#8221; locked=&#8221;off&#8221;][et_pb_column type=&#8221;1_2&#8243; _builder_version=&#8221;4.9.4&#8243; _module_preset=&#8221;default&#8221; background_color=&#8221;#05bcc1&#8243; custom_padding=&#8221;5%|5%|5%|5%|true|true&#8221; custom_padding_tablet=&#8221;15%|15%|15%|15%|true|true&#8221; custom_padding_phone=&#8221;10%|10%|10%|10%|true|true&#8221; custom_padding_last_edited=&#8221;on|phone&#8221; border_color_all=&#8221;#05bcc1&#8243; box_shadow_style=&#8221;preset4&#8243;][et_pb_text _builder_version=&#8221;4.9.4&#8243; _module_preset=&#8221;default&#8221; header_2_font=&#8221;|700|||||||&#8221; background_layout=&#8221;dark&#8221; custom_margin=&#8221;||3px||false|false&#8221;]<\/p>\n<h2>UBICACI\u00d3N<\/h2>\n<p>[\/et_pb_text][et_pb_divider color=&#8221;#fbbc64&#8243; divider_weight=&#8221;5px&#8221; _builder_version=&#8221;4.9.4&#8243; _module_preset=&#8221;default&#8221; width=&#8221;80px&#8221; module_alignment=&#8221;left&#8221; custom_margin=&#8221;||0px||false|false&#8221;][\/et_pb_divider][et_pb_text _builder_version=&#8221;4.9.4&#8243; _module_preset=&#8221;default&#8221; header_2_font=&#8221;|700|||||||&#8221; background_layout=&#8221;dark&#8221;]<\/p>\n<p>Ciudad Bol\u00edvar es la tercera localidad m\u00e1s extensa de Bogot\u00e1, Colombia, ubicada al sur de la ciudad con m\u00e1s de 800.000 habitantes y 254 barrios.<\/p>\n<p>Con la esperanza de construir un futuro mejor para sus familias, muchos de sus habitantes llegaron a Ciudad Bol\u00edvar, que inici\u00f3 como barrios de invasi\u00f3n, refugiados en casas de latas y aislados de la ciudad. <\/p>\n<p>[\/et_pb_text][et_pb_button button_url=&#8221;@ET-DC@eyJkeW5hbWljIjp0cnVlLCJjb250ZW50IjoicG9zdF9saW5rX3VybF9wYWdlIiwic2V0dGluZ3MiOnsicG9zdF9pZCI6Ijk4NiJ9fQ==@&#8221; button_text=&#8221;SABER M\u00c1S&#8221; button_alignment=&#8221;left&#8221; _builder_version=&#8221;4.9.10&#8243; _dynamic_attributes=&#8221;button_url&#8221; _module_preset=&#8221;default&#8221; custom_button=&#8221;on&#8221; button_text_size=&#8221;18px&#8221; button_text_color=&#8221;#FFFFFF&#8221; button_bg_color=&#8221;#f95353&#8243; button_border_width=&#8221;4px&#8221; button_border_color=&#8221;#f95353&#8243; button_border_radius=&#8221;30px&#8221; button_font=&#8221;|600|||||||&#8221; button_use_icon=&#8221;off&#8221; custom_padding=&#8221;5px|15%|5px|15%|true|true&#8221; locked=&#8221;off&#8221; button_bg_color__hover_enabled=&#8221;on|hover&#8221; button_bg_color__hover=&#8221;#f93939&#8243; button_bg_enable_color__hover=&#8221;on&#8221; transform_styles__hover_enabled=&#8221;on|hover&#8221; transform_scale__hover_enabled=&#8221;on|hover&#8221; transform_translate__hover_enabled=&#8221;on|hover&#8221; transform_rotate__hover_enabled=&#8221;on|hover&#8221; transform_skew__hover_enabled=&#8221;on|hover&#8221; transform_origin__hover_enabled=&#8221;on|hover&#8221; transform_scale__hover=&#8221;105%|105%&#8221; button_border_color__hover_enabled=&#8221;on|hover&#8221; button_border_color__hover=&#8221;#f93939&#8243;][\/et_pb_button][\/et_pb_column][et_pb_column type=&#8221;1_2&#8243; _builder_version=&#8221;4.9.4&#8243; _module_preset=&#8221;default&#8221; custom_padding=&#8221;||||true|true&#8221; custom_padding_tablet=&#8221;15%|15%|15%|15%|true|true&#8221; custom_padding_last_edited=&#8221;off|phone&#8221;][et_pb_image src=&#8221;https:\/\/nuevavidaparatodos.org\/wp-content\/uploads\/2021\/07\/1.jpg&#8221; title_text=&#8221;1&#8243; _builder_version=&#8221;4.9.4&#8243; _module_preset=&#8221;default&#8221;][\/et_pb_image][\/et_pb_column][\/et_pb_row][\/et_pb_section][et_pb_section fb_built=&#8221;1&#8243; _builder_version=&#8221;4.9.4&#8243; _module_preset=&#8221;default&#8221; background_color=&#8221;#f9f9f9&#8243; background_enable_image=&#8221;off&#8221; custom_padding=&#8221;80px||80px||true|false&#8221;][et_pb_row use_custom_gutter=&#8221;on&#8221; gutter_width=&#8221;1&#8243; make_equal=&#8221;on&#8221; _builder_version=&#8221;4.9.4&#8243; _module_preset=&#8221;default&#8221; custom_padding=&#8221;||||false|false&#8221; custom_css_main_element=&#8221;align-items: center;&#8221; locked=&#8221;off&#8221;][et_pb_column type=&#8221;4_4&#8243; _builder_version=&#8221;4.9.4&#8243; _module_preset=&#8221;default&#8221; background_enable_image=&#8221;off&#8221; background_size=&#8221;initial&#8221; background_position=&#8221;center_right&#8221; custom_padding=&#8221;|5px|2px||false|false&#8221;][et_pb_text _builder_version=&#8221;4.9.4&#8243; _module_preset=&#8221;default&#8221; text_orientation=&#8221;center&#8221; custom_margin=&#8221;0px||0px||false|false&#8221; custom_padding=&#8221;0px||0px||false|false&#8221;]<\/p>\n<h2>M\u00c1S SOBRE NOSOTROS<\/h2>\n<p>[\/et_pb_text][et_pb_divider color=&#8221;#05bcc1&#8243; divider_weight=&#8221;5px&#8221; _builder_version=&#8221;4.9.4&#8243; _module_preset=&#8221;default&#8221; width=&#8221;45px&#8221; module_alignment=&#8221;center&#8221; locked=&#8221;off&#8221;][\/et_pb_divider][\/et_pb_column][\/et_pb_row][et_pb_row column_structure=&#8221;1_2,1_2&#8243; use_custom_gutter=&#8221;on&#8221; gutter_width=&#8221;1&#8243; _builder_version=&#8221;4.9.4&#8243; _module_preset=&#8221;default&#8221;][et_pb_column type=&#8221;1_2&#8243; _builder_version=&#8221;4.9.4&#8243; _module_preset=&#8221;default&#8221; custom_padding=&#8221;|2%||2%|false|true&#8221;][et_pb_text _builder_version=&#8221;4.9.10&#8243; _module_preset=&#8221;default&#8221; text_font_size=&#8221;24px&#8221; background_image=&#8221;http:\/\/cc.rompelacuartapared.com\/wp-content\/uploads\/2021\/05\/goarrow-21.svg&#8221; background_size=&#8221;contain&#8221; background_position=&#8221;center_right&#8221; custom_margin=&#8221;0px||0px||false|false&#8221; custom_padding=&#8221;15px|20px|15px|20px|true|true&#8221; link_option_url=&#8221;https:\/\/nuevavidaparatodos.org\/equipo\/#fundadores&#8221; border_width_top=&#8221;1px&#8221; border_width_bottom=&#8221;1px&#8221;]<\/p>\n<p>NUESTROS FUNDADORES<\/p>\n<p>[\/et_pb_text][et_pb_text _builder_version=&#8221;4.9.10&#8243; _module_preset=&#8221;default&#8221; text_font_size=&#8221;24px&#8221; background_image=&#8221;http:\/\/cc.rompelacuartapared.com\/wp-content\/uploads\/2021\/05\/goarrow-21.svg&#8221; background_size=&#8221;contain&#8221; background_position=&#8221;center_right&#8221; custom_margin=&#8221;0px||0px||false|false&#8221; custom_padding=&#8221;15px|20px|15px|20px|true|true&#8221; link_option_url=&#8221;https:\/\/nuevavidaparatodos.org\/equipo\/#junior&#8221; border_width_bottom=&#8221;1px&#8221;]<\/p>\n<p>JUNTA JUNIOR<\/p>\n<p>[\/et_pb_text][et_pb_text _builder_version=&#8221;4.9.10&#8243; _module_preset=&#8221;default&#8221; text_font_size=&#8221;24px&#8221; background_image=&#8221;http:\/\/cc.rompelacuartapared.com\/wp-content\/uploads\/2021\/05\/goarrow-21.svg&#8221; background_size=&#8221;contain&#8221; background_position=&#8221;center_right&#8221; custom_margin=&#8221;0px||0px||false|false&#8221; custom_padding=&#8221;15px|20px|15px|20px|true|true&#8221; link_option_url=&#8221;#&#8221; border_width_bottom=&#8221;1px&#8221;]<\/p>\n<p>VER INFORME ANUAL<\/p>\n<p>[\/et_pb_text][\/et_pb_column][et_pb_column type=&#8221;1_2&#8243; _builder_version=&#8221;4.9.4&#8243; _module_preset=&#8221;default&#8221; custom_padding=&#8221;|2%||2%|false|true&#8221;][et_pb_text _builder_version=&#8221;4.9.10&#8243; _module_preset=&#8221;default&#8221; text_font_size=&#8221;24px&#8221; background_image=&#8221;http:\/\/cc.rompelacuartapared.com\/wp-content\/uploads\/2021\/05\/goarrow-21.svg&#8221; background_size=&#8221;contain&#8221; background_position=&#8221;center_right&#8221; custom_margin=&#8221;0px||0px||false|false&#8221; custom_padding=&#8221;15px|20px|15px|20px|true|true&#8221; link_option_url=&#8221;https:\/\/nuevavidaparatodos.org\/equipo\/#directiva&#8221; border_width_top=&#8221;1px&#8221; border_width_bottom=&#8221;1px&#8221; border_width_top_tablet=&#8221;0px&#8221; border_width_top_phone=&#8221;&#8221; border_width_top_last_edited=&#8221;on|tablet&#8221;]<\/p>\n<p>JUNTA DIRECTIVA<\/p>\n<p>[\/et_pb_text][et_pb_text _builder_version=&#8221;4.9.10&#8243; _module_preset=&#8221;default&#8221; text_font_size=&#8221;24px&#8221; background_image=&#8221;http:\/\/cc.rompelacuartapared.com\/wp-content\/uploads\/2021\/05\/goarrow-21.svg&#8221; background_size=&#8221;contain&#8221; background_position=&#8221;center_right&#8221; custom_margin=&#8221;0px||0px||false|false&#8221; custom_padding=&#8221;15px|20px|15px|20px|true|true&#8221; link_option_url=&#8221;https:\/\/nuevavidaparatodos.org\/equipo\/#colaboradores&#8221; border_width_bottom=&#8221;1px&#8221;]<\/p>\n<p>COLABORADORES<\/p>\n<p>[\/et_pb_text][\/et_pb_column][\/et_pb_row][\/et_pb_section]<\/p>\n","protected":false},"excerpt":{"rendered":"<p>Nosotros Fundaci\u00f3n Nueva Vida Para TodosNueva Vida Para Todos es una Fundaci\u00f3n sin \u00e1nimo de lucro, con m\u00e1s de 20 a\u00f1os de experiencia, dedicada a impulsar la educaci\u00f3n y promover el proyecto de vida de ni\u00f1os, ni\u00f1as y adolescentes en condici\u00f3n de vulnerabilidad, en la localidad de Ciudad Bol\u00edvar.QU\u00c9 NOS HACE \u00daNICOSPromovemos de manera individualizada [&hellip;]<\/p>\n","protected":false},"author":4,"featured_media":0,"parent":0,"menu_order":0,"comment_status":"closed","ping_status":"closed","template":"","meta":{"nf_dc_page":"","_et_pb_use_builder":"on","_et_pb_old_content":"","_et_gb_content_width":"","footnotes":""},"class_list":["post-941","page","type-page","status-publish","hentry"],"yoast_head":"<!-- This site is optimized with the Yoast SEO Premium plugin v18.8 (Yoast SEO v27.5) - https:\/\/yoast.com\/product\/yoast-seo-premium-wordpress\/ -->\n<title>NOSOTROS - Nueva Vida Para Todos<\/title>\n<meta name=\"robots\" content=\"index, follow, max-snippet:-1, max-image-preview:large, max-video-preview:-1\" \/>\n<link rel=\"canonical\" href=\"https:\/\/nuevavidaparatodos.org\/en\/nosotros\/\" \/>\n<meta property=\"og:locale\" content=\"en_US\" \/>\n<meta property=\"og:type\" content=\"article\" \/>\n<meta property=\"og:title\" content=\"NOSOTROS\" \/>\n<meta property=\"og:description\" content=\"Nosotros Fundaci\u00f3n Nueva Vida Para TodosNueva Vida Para Todos es una Fundaci\u00f3n sin \u00e1nimo de lucro, con m\u00e1s de 20 a\u00f1os de experiencia, dedicada a impulsar la educaci\u00f3n y promover el proyecto de vida de ni\u00f1os, ni\u00f1as y adolescentes en condici\u00f3n de vulnerabilidad, en la localidad de Ciudad Bol\u00edvar.QU\u00c9 NOS HACE \u00daNICOSPromovemos de manera individualizada [&hellip;]\" \/>\n<meta property=\"og:url\" content=\"https:\/\/nuevavidaparatodos.org\/en\/nosotros\/\" \/>\n<meta property=\"og:site_name\" content=\"Nueva Vida Para Todos\" \/>\n<meta property=\"article:modified_time\" content=\"2021-08-10T03:02:16+00:00\" \/>\n<meta name=\"twitter:card\" content=\"summary_large_image\" \/>\n<meta name=\"twitter:label1\" content=\"Est. reading time\" \/>\n\t<meta name=\"twitter:data1\" content=\"10 minutes\" \/>\n<script type=\"application\/ld+json\" class=\"yoast-schema-graph\">{\"@context\":\"https:\\\/\\\/schema.org\",\"@graph\":[{\"@type\":\"WebPage\",\"@id\":\"https:\\\/\\\/nuevavidaparatodos.org\\\/nosotros\\\/\",\"url\":\"https:\\\/\\\/nuevavidaparatodos.org\\\/nosotros\\\/\",\"name\":\"NOSOTROS - Nueva Vida Para Todos\",\"isPartOf\":{\"@id\":\"https:\\\/\\\/nuevavidaparatodos.org\\\/#website\"},\"datePublished\":\"2021-07-23T22:06:54+00:00\",\"dateModified\":\"2021-08-10T03:02:16+00:00\",\"breadcrumb\":{\"@id\":\"https:\\\/\\\/nuevavidaparatodos.org\\\/nosotros\\\/#breadcrumb\"},\"inLanguage\":\"en-US\",\"potentialAction\":[{\"@type\":\"ReadAction\",\"target\":[\"https:\\\/\\\/nuevavidaparatodos.org\\\/nosotros\\\/\"]}]},{\"@type\":\"BreadcrumbList\",\"@id\":\"https:\\\/\\\/nuevavidaparatodos.org\\\/nosotros\\\/#breadcrumb\",\"itemListElement\":[{\"@type\":\"ListItem\",\"position\":1,\"name\":\"Portada\",\"item\":\"https:\\\/\\\/nuevavidaparatodos.org\\\/\"},{\"@type\":\"ListItem\",\"position\":2,\"name\":\"NOSOTROS\"}]},{\"@type\":\"WebSite\",\"@id\":\"https:\\\/\\\/nuevavidaparatodos.org\\\/#website\",\"url\":\"https:\\\/\\\/nuevavidaparatodos.org\\\/\",\"name\":\"Nueva Vida Para Todos\",\"description\":\"\",\"potentialAction\":[{\"@type\":\"SearchAction\",\"target\":{\"@type\":\"EntryPoint\",\"urlTemplate\":\"https:\\\/\\\/nuevavidaparatodos.org\\\/?s={search_term_string}\"},\"query-input\":{\"@type\":\"PropertyValueSpecification\",\"valueRequired\":true,\"valueName\":\"search_term_string\"}}],\"inLanguage\":\"en-US\"}]}<\/script>\n<!-- \/ Yoast SEO Premium plugin. -->","yoast_head_json":{"title":"NOSOTROS - Nueva Vida Para Todos","robots":{"index":"index","follow":"follow","max-snippet":"max-snippet:-1","max-image-preview":"max-image-preview:large","max-video-preview":"max-video-preview:-1"},"canonical":"https:\/\/nuevavidaparatodos.org\/en\/nosotros\/","og_locale":"en_US","og_type":"article","og_title":"NOSOTROS","og_description":"Nosotros Fundaci\u00f3n Nueva Vida Para TodosNueva Vida Para Todos es una Fundaci\u00f3n sin \u00e1nimo de lucro, con m\u00e1s de 20 a\u00f1os de experiencia, dedicada a impulsar la educaci\u00f3n y promover el proyecto de vida de ni\u00f1os, ni\u00f1as y adolescentes en condici\u00f3n de vulnerabilidad, en la localidad de Ciudad Bol\u00edvar.QU\u00c9 NOS HACE \u00daNICOSPromovemos de manera individualizada [&hellip;]","og_url":"https:\/\/nuevavidaparatodos.org\/en\/nosotros\/","og_site_name":"Nueva Vida Para Todos","article_modified_time":"2021-08-10T03:02:16+00:00","twitter_card":"summary_large_image","twitter_misc":{"Est. reading time":"10 minutes"},"schema":{"@context":"https:\/\/schema.org","@graph":[{"@type":"WebPage","@id":"https:\/\/nuevavidaparatodos.org\/nosotros\/","url":"https:\/\/nuevavidaparatodos.org\/nosotros\/","name":"NOSOTROS - Nueva Vida Para Todos","isPartOf":{"@id":"https:\/\/nuevavidaparatodos.org\/#website"},"datePublished":"2021-07-23T22:06:54+00:00","dateModified":"2021-08-10T03:02:16+00:00","breadcrumb":{"@id":"https:\/\/nuevavidaparatodos.org\/nosotros\/#breadcrumb"},"inLanguage":"en-US","potentialAction":[{"@type":"ReadAction","target":["https:\/\/nuevavidaparatodos.org\/nosotros\/"]}]},{"@type":"BreadcrumbList","@id":"https:\/\/nuevavidaparatodos.org\/nosotros\/#breadcrumb","itemListElement":[{"@type":"ListItem","position":1,"name":"Portada","item":"https:\/\/nuevavidaparatodos.org\/"},{"@type":"ListItem","position":2,"name":"NOSOTROS"}]},{"@type":"WebSite","@id":"https:\/\/nuevavidaparatodos.org\/#website","url":"https:\/\/nuevavidaparatodos.org\/","name":"New Life For All","description":"","potentialAction":[{"@type":"SearchAction","target":{"@type":"EntryPoint","urlTemplate":"https:\/\/nuevavidaparatodos.org\/?s={search_term_string}"},"query-input":{"@type":"PropertyValueSpecification","valueRequired":true,"valueName":"search_term_string"}}],"inLanguage":"en-US"}]}},"jetpack_sharing_enabled":true,"_links":{"self":[{"href":"https:\/\/nuevavidaparatodos.org\/en\/wp-json\/wp\/v2\/pages\/941","targetHints":{"allow":["GET"]}}],"collection":[{"href":"https:\/\/nuevavidaparatodos.org\/en\/wp-json\/wp\/v2\/pages"}],"about":[{"href":"https:\/\/nuevavidaparatodos.org\/en\/wp-json\/wp\/v2\/types\/page"}],"author":[{"embeddable":true,"href":"https:\/\/nuevavidaparatodos.org\/en\/wp-json\/wp\/v2\/users\/4"}],"replies":[{"embeddable":true,"href":"https:\/\/nuevavidaparatodos.org\/en\/wp-json\/wp\/v2\/comments?post=941"}],"version-history":[{"count":4,"href":"https:\/\/nuevavidaparatodos.org\/en\/wp-json\/wp\/v2\/pages\/941\/revisions"}],"predecessor-version":[{"id":1183,"href":"https:\/\/nuevavidaparatodos.org\/en\/wp-json\/wp\/v2\/pages\/941\/revisions\/1183"}],"wp:attachment":[{"href":"https:\/\/nuevavidaparatodos.org\/en\/wp-json\/wp\/v2\/media?parent=941"}],"curies":[{"name":"wp","href":"https:\/\/api.w.org\/{rel}","templated":true}]}}