{"id":970,"date":"2021-07-23T22:35:02","date_gmt":"2021-07-23T22:35:02","guid":{"rendered":"https:\/\/nuevavidaparatodos.org\/?page_id=970"},"modified":"2023-11-20T03:19:40","modified_gmt":"2023-11-20T03:19:40","slug":"exploracion-de-talentos","status":"publish","type":"page","link":"https:\/\/nuevavidaparatodos.org\/en\/exploracion-de-talentos\/","title":{"rendered":"TALENT EXPLORATION"},"content":{"rendered":"<p>[et_pb_section fb_built=&#8221;1&#8243; _builder_version=&#8221;4.23.1&#8243; background_color=&#8221;rgba(0,0,0,0.43)&#8221; background_color_gradient_direction=&#8221;90deg&#8221; background_image=&#8221;https:\/\/nuevavidaparatodos.org\/wp-content\/uploads\/2023\/11\/DSC8311-1.jpg&#8221; background_blend=&#8221;multiply&#8221; custom_padding=&#8221;20vh||||false|false&#8221; top_divider_style=&#8221;arrow&#8221; top_divider_color=&#8221;#fbbc64&#8243; top_divider_height=&#8221;15vh&#8221; hover_enabled=&#8221;0&#8243; global_colors_info=&#8221;{}&#8221; title_text=&#8221;_DSC8311&#8243; sticky_enabled=&#8221;0&#8243;][et_pb_row _builder_version=&#8221;4.16&#8243; global_colors_info=&#8221;{}&#8221;][et_pb_column type=&#8221;4_4&#8243; _builder_version=&#8221;4.16&#8243; global_colors_info=&#8221;{}&#8221;][et_pb_text _builder_version=&#8221;4.16&#8243; text_font=&#8221;|600|||||||&#8221; text_line_height=&#8221;1.8em&#8221; header_font_size=&#8221;55px&#8221; header_2_font=&#8221;|||on|||||&#8221; header_2_font_size=&#8221;80px&#8221; header_4_font=&#8221;||||||||&#8221; header_4_text_color=&#8221;#fbbc64&#8243; header_4_line_height=&#8221;1.4em&#8221; background_layout=&#8221;dark&#8221; header_font_size_tablet=&#8221;30px&#8221; header_font_size_phone=&#8221;25px&#8221; header_font_size_last_edited=&#8221;on|phone&#8221; header_2_font_size_tablet=&#8221;60px&#8221; header_2_font_size_phone=&#8221;35px&#8221; header_2_font_size_last_edited=&#8221;on|phone&#8221; header_4_font_size_tablet=&#8221;20px&#8221; header_4_font_size_phone=&#8221;14px&#8221; header_4_font_size_last_edited=&#8221;on|phone&#8221; locked=&#8221;off&#8221; global_colors_info=&#8221;{}&#8221;]<\/p>\n<h4>Programa<\/h4>\n<h1>Exploraci\u00f3n de talentos<\/h1>\n<p>[\/et_pb_text][et_pb_text _builder_version=&#8221;4.16&#8243; _module_preset=&#8221;default&#8221; text_font=&#8221;||||||||&#8221; text_font_size=&#8221;25px&#8221; text_line_height=&#8221;1.4em&#8221; background_layout=&#8221;dark&#8221; module_alignment=&#8221;center&#8221; text_font_size_tablet=&#8221;20px&#8221; text_font_size_phone=&#8221;18px&#8221; text_font_size_last_edited=&#8221;on|phone&#8221; global_colors_info=&#8221;{}&#8221;]<\/p>\n<p style=\"text-align: justify;\">Generamos oportunidades de exploraci\u00f3n de intereses y talentos para enriquecer el proyecto de vida de nuestros beneficiarios, a trav\u00e9s de diversos talleres extracurriculares.<\/p>\n<p>[\/et_pb_text][\/et_pb_column][\/et_pb_row][\/et_pb_section][et_pb_section fb_built=&#8221;1&#8243; _builder_version=&#8221;4.16&#8243; _module_preset=&#8221;default&#8221; background_color=&#8221;#f4f4f4&#8243; global_colors_info=&#8221;{}&#8221;][et_pb_row column_structure=&#8221;1_3,1_3,1_3&#8243; _builder_version=&#8221;4.16&#8243; _module_preset=&#8221;default&#8221; global_colors_info=&#8221;{}&#8221;][et_pb_column type=&#8221;1_3&#8243; _builder_version=&#8221;4.16&#8243; _module_preset=&#8221;default&#8221; global_colors_info=&#8221;{}&#8221;][et_pb_image src=&#8221;https:\/\/nuevavidaparatodos.org\/wp-content\/uploads\/2021\/07\/1-4.jpg&#8221; title_text=&#8221;1&#8243; _builder_version=&#8221;4.16&#8243; _module_preset=&#8221;default&#8221; global_colors_info=&#8221;{}&#8221;][\/et_pb_image][et_pb_text _builder_version=&#8221;4.22.1&#8243; _module_preset=&#8221;default&#8221; text_orientation=&#8221;center&#8221; global_colors_info=&#8221;{}&#8221;]<\/p>\n<h3>ARTES GR\u00c1FICAS<\/h3>\n<p style=\"text-align: justify;\">Mediante la pintura y el dibujo, sus t\u00e9cnicas, formas y texturas, fomentamos las habilidades de concentraci\u00f3n como un ejercicio psicomotor que incrementa creatividad e imaginaci\u00f3n.<\/p>\n<p>&nbsp;<\/p>\n<p>&nbsp;<\/p>\n<p>[\/et_pb_text][et_pb_text _builder_version=&#8221;4.16&#8243; _module_preset=&#8221;default&#8221; text_orientation=&#8221;center&#8221; global_colors_info=&#8221;{}&#8221;][\/et_pb_text][et_pb_text _builder_version=&#8221;4.16&#8243; _module_preset=&#8221;default&#8221; text_orientation=&#8221;center&#8221; global_colors_info=&#8221;{}&#8221;][\/et_pb_text][\/et_pb_column][et_pb_column type=&#8221;1_3&#8243; _builder_version=&#8221;4.16&#8243; _module_preset=&#8221;default&#8221; global_colors_info=&#8221;{}&#8221;][et_pb_image src=&#8221;https:\/\/nuevavidaparatodos.org\/wp-content\/uploads\/2021\/07\/2-4.jpg&#8221; title_text=&#8221;2&#8243; _builder_version=&#8221;4.16&#8243; _module_preset=&#8221;default&#8221; global_colors_info=&#8221;{}&#8221;][\/et_pb_image][et_pb_text _builder_version=&#8221;4.16&#8243; _module_preset=&#8221;default&#8221; text_orientation=&#8221;center&#8221; global_colors_info=&#8221;{}&#8221;]<\/p>\n<h3 style=\"text-align: center;\">M\u00daSICA<\/h3>\n<p style=\"text-align: justify;\">Con <span>experiencias de fortalecimiento art\u00edstico <\/span><span>e interpretaci\u00f3n de distintos instrumentos, buscamos el desarrollo intelectual, auditivo y sensorial mediante la m\u00fasica como canal de comunicaci\u00f3n.<\/span><\/p>\n<p>[\/et_pb_text][\/et_pb_column][et_pb_column type=&#8221;1_3&#8243; _builder_version=&#8221;4.16&#8243; _module_preset=&#8221;default&#8221; global_colors_info=&#8221;{}&#8221;][et_pb_image src=&#8221;https:\/\/nuevavidaparatodos.org\/wp-content\/uploads\/2021\/07\/3-4.jpg&#8221; title_text=&#8221;3&#8243; _builder_version=&#8221;4.16&#8243; _module_preset=&#8221;default&#8221; global_colors_info=&#8221;{}&#8221;][\/et_pb_image][et_pb_text _builder_version=&#8221;4.16&#8243; _module_preset=&#8221;default&#8221; text_orientation=&#8221;center&#8221; global_colors_info=&#8221;{}&#8221;]<\/p>\n<h3>DANZA<\/h3>\n<p style=\"text-align: justify;\">Por medio del movimiento y la expresi\u00f3n corporal desarrollamos nuevos lenguajes que permiten armon\u00eda, coordinaci\u00f3n, equilibrio y psicomotricidad.<\/p>\n<p>[\/et_pb_text][\/et_pb_column][\/et_pb_row][et_pb_row column_structure=&#8221;1_3,1_3,1_3&#8243; _builder_version=&#8221;4.22.1&#8243; _module_preset=&#8221;default&#8221; global_colors_info=&#8221;{}&#8221;][et_pb_column type=&#8221;1_3&#8243; _builder_version=&#8221;4.16&#8243; _module_preset=&#8221;default&#8221; global_colors_info=&#8221;{}&#8221;][et_pb_image src=&#8221;https:\/\/nuevavidaparatodos.org\/wp-content\/uploads\/2023\/08\/ROBOTICA-PROGRAMA-1024&#215;1024.jpg&#8221; alt=&#8221;Programa de Rob\u00f3tica: Beneficiario monta veh\u00edculo&#8221; title_text=&#8221;ROB\u00d3TICA PROGRAMA&#8221; _builder_version=&#8221;4.22.1&#8243; _module_preset=&#8221;default&#8221; global_colors_info=&#8221;{}&#8221;][\/et_pb_image][et_pb_text _builder_version=&#8221;4.22.1&#8243; _module_preset=&#8221;default&#8221; text_orientation=&#8221;center&#8221; global_colors_info=&#8221;{}&#8221;]<\/p>\n<h3>ROB\u00d3TICA Y PROGRAMACI\u00d3N<\/h3>\n<p style=\"text-align: justify;\"><span>Acercamos a los ni\u00f1os a la tecnolog\u00eda <\/span><span class=\"misspelling correction\" data-type=\"misspelling\" data-suggestions=\"[{&quot;value&quot;:&quot;mientras&quot;},{&quot;value&quot;:&quot;mineras&quot;},{&quot;value&quot;:&quot;mitras&quot;},{&quot;value&quot;:&quot;cintras&quot;},{&quot;value&quot;:&quot;mantras&quot;},{&quot;value&quot;:&quot;minaras&quot;},{&quot;value&quot;:&quot;minar\u00e1s&quot;}]\" data-rule=\"MORFOLOGIK_RULE_ES\" title=\"Se ha encontrado un posible error ortogr\u00e1fico.\" data-word=\"mintras\">mientras<\/span><span> se divierten, primero aprenden la l\u00f3gica de programaci\u00f3n dise\u00f1ando juegos en <\/span><span class=\"error misspelling\" data-type=\"misspelling\" data-suggestions=\"[{&quot;value&quot;:&quot;Catch&quot;},{&quot;value&quot;:&quot;Scotch&quot;}]\" data-rule=\"MORFOLOGIK_RULE_ES\" title=\"Se ha encontrado un posible error ortogr\u00e1fico.\" data-word=\"Scratch\">Scratch<\/span><span> para despu\u00e9s montar veh\u00edculos completos programados en Arduino.<\/span><\/p>\n<p>[\/et_pb_text][\/et_pb_column][et_pb_column type=&#8221;1_3&#8243; _builder_version=&#8221;4.16&#8243; _module_preset=&#8221;default&#8221; global_colors_info=&#8221;{}&#8221;][et_pb_image src=&#8221;https:\/\/nuevavidaparatodos.org\/wp-content\/uploads\/2023\/08\/FOTOGRAFIA-PROGRAMA.jpg&#8221; alt=&#8221;Programa de Fotograf\u00eda: Beneficiaria se retrata&#8221; title_text=&#8221;FOTOGRAF\u00cdA PROGRAMA&#8221; _builder_version=&#8221;4.22.1&#8243; _module_preset=&#8221;default&#8221; global_colors_info=&#8221;{}&#8221;][\/et_pb_image][et_pb_text _builder_version=&#8221;4.22.1&#8243; _module_preset=&#8221;default&#8221; text_orientation=&#8221;center&#8221; global_colors_info=&#8221;{}&#8221;]<\/p>\n<h3>FOTOGRAF\u00cdA<\/h3>\n<p style=\"text-align: justify;\"><span>Encuadre, foco,\u00a0iluminaci\u00f3n y unas cu\u00e1ntas c\u00e1maras hacen que nuestros beneficiarios se reapropien de su territorio, redescubri\u00e9ndolo desde una \u00f3ptica <\/span><span class=\"grammar correction\" data-type=\"grammar\" data-suggestions=\"[{&quot;value&quot;:&quot;positiva,&quot;}]\" data-rule=\"AI_ES_HYDRA_LEO_MISSING_COMMA\" title=\"Probablemente falta una coma.\" data-word=\"positiva\">positiva,<\/span><span> transforman su relaci\u00f3n con la comunidad, volvi\u00e9ndolos protagonistas del tejido social.<\/span><\/p>\n<p>[\/et_pb_text][\/et_pb_column][et_pb_column type=&#8221;1_3&#8243; _builder_version=&#8221;4.16&#8243; _module_preset=&#8221;default&#8221; global_colors_info=&#8221;{}&#8221;][et_pb_image src=&#8221;https:\/\/nuevavidaparatodos.org\/wp-content\/uploads\/2021\/07\/6-2.jpg&#8221; title_text=&#8221;6&#8243; _builder_version=&#8221;4.22.1&#8243; _module_preset=&#8221;default&#8221; global_colors_info=&#8221;{}&#8221;][\/et_pb_image][et_pb_text _builder_version=&#8221;4.22.1&#8243; _module_preset=&#8221;default&#8221; text_orientation=&#8221;center&#8221; global_colors_info=&#8221;{}&#8221;]<\/p>\n<h3>F\u00daTBOL<\/h3>\n<p style=\"text-align: justify;\"><span>Motricidad, disciplina, coordinaci\u00f3n<\/span><span class=\"grammar correction\" data-type=\"grammar\" data-suggestions=\"[{&quot;value&quot;:&quot;\u00a0&quot;}]\" data-rule=\"WHITESPACE_RULE\" title=\"Posible error tipogr\u00e1fico: m\u00faltiples espacios en blanco\" data-word=\"\u00a0 \">\u00a0<\/span><span>y trabajo en equipo son algunas de las aptitudes que buscamos incrementar por medio del juego, proyectando y descubriendo el talento de cada jugador.<\/span><\/p>\n<p>[\/et_pb_text][\/et_pb_column][\/et_pb_row][et_pb_row column_structure=&#8221;1_3,1_3,1_3&#8243; _builder_version=&#8221;4.16&#8243; _module_preset=&#8221;default&#8221; locked=&#8221;off&#8221; global_colors_info=&#8221;{}&#8221;][et_pb_column type=&#8221;1_3&#8243; _builder_version=&#8221;4.16&#8243; _module_preset=&#8221;default&#8221; global_colors_info=&#8221;{}&#8221;][et_pb_image src=&#8221;https:\/\/nuevavidaparatodos.org\/wp-content\/uploads\/2023\/08\/EMPRENDIMIENTO-PROGRAMA-1-1024&#215;1024.jpg&#8221; alt=&#8221;Programa de Emprendimiento: Beneficiaria calcula ganancias.&#8221; title_text=&#8221;EMPRENDIMIENTO PROGRAMA&#8221; _builder_version=&#8221;4.22.1&#8243; _module_preset=&#8221;default&#8221; global_colors_info=&#8221;{}&#8221;][\/et_pb_image][et_pb_text _builder_version=&#8221;4.22.1&#8243; _module_preset=&#8221;default&#8221; text_orientation=&#8221;center&#8221; global_colors_info=&#8221;{}&#8221;]<\/p>\n<h3>EMPRENDIMIENTO<\/h3>\n<p style=\"text-align: justify;\">Con organizaciones aliadas otorgamos herramientas formativas para que nuestros ni\u00f1os cumplan sus metas econ\u00f3micas a largo plazo, aprendiendo a ahorrar, a invertir y tomar decisiones econ\u00f3micas.<\/p>\n<p>[\/et_pb_text][\/et_pb_column][et_pb_column type=&#8221;1_3&#8243; _builder_version=&#8221;4.16&#8243; _module_preset=&#8221;default&#8221; global_colors_info=&#8221;{}&#8221;][et_pb_image src=&#8221;https:\/\/nuevavidaparatodos.org\/wp-content\/uploads\/2023\/08\/PEINADOS-PROGRAMA.jpg&#8221; alt=&#8221;Oficios, Peinados: Beneficiarias se divierten&#8221; title_text=&#8221;PEINADOS PROGRAMA&#8221; _builder_version=&#8221;4.22.1&#8243; _module_preset=&#8221;default&#8221; global_colors_info=&#8221;{}&#8221;][\/et_pb_image][et_pb_text _builder_version=&#8221;4.22.1&#8243; _module_preset=&#8221;default&#8221; text_orientation=&#8221;center&#8221; global_colors_info=&#8221;{}&#8221;]<\/p>\n<h3>PEINADOS Y EST\u00c9TICA<\/h3>\n<p style=\"text-align: justify;\"><span>Exploramos talentos para el desarrollo feliz e integral, pero tambi\u00e9n como garant\u00eda para la futura obtenci\u00f3n de ingresos. El programa de peinados busca garantizar herramientas que faciliten el sostenimiento <\/span><span class=\"grammar correction\" data-type=\"grammar\" data-suggestions=\"[{&quot;value&quot;:&quot;econ\u00f3mico&quot;}]\" data-rule=\"AGREEMENT_POSTPONED_ADJ\" title=\"Revise la concordancia de \u00abecon\u00f3micos\u00bb con los nombres precedentes o revise la puntuaci\u00f3n.\" data-word=\"econ\u00f3micos\">econ\u00f3mico<\/span><span> de nuestros beneficiarios una vez accedan a la educaci\u00f3n superior.<\/span><\/p>\n<p>[\/et_pb_text][\/et_pb_column][et_pb_column type=&#8221;1_3&#8243; _builder_version=&#8221;4.16&#8243; _module_preset=&#8221;default&#8221; global_colors_info=&#8221;{}&#8221;][et_pb_image src=&#8221;https:\/\/nuevavidaparatodos.org\/wp-content\/uploads\/2023\/08\/MANICURA-PROGRAMA-1024&#215;1024.jpg&#8221; alt=&#8221;Oficios, Manicure: Stand en Museo de la Ciudad Auto Constru\u00edda&#8221; title_text=&#8221;MANICURA PROGRAMA&#8221; _builder_version=&#8221;4.22.1&#8243; _module_preset=&#8221;default&#8221; global_colors_info=&#8221;{}&#8221;][\/et_pb_image][et_pb_text _builder_version=&#8221;4.22.1&#8243; _module_preset=&#8221;default&#8221; text_orientation=&#8221;center&#8221; global_colors_info=&#8221;{}&#8221;]<\/p>\n<h3>MANICURE<\/h3>\n<p style=\"text-align: justify;\"><span>El <\/span><span class=\"misspelling correction\" data-type=\"misspelling\" data-suggestions=\"[{&quot;value&quot;:&quot;manicura&quot;},{&quot;value&quot;:&quot;manicuro&quot;}]\" data-rule=\"MORFOLOGIK_RULE_ES\" title=\"Se ha encontrado un posible error ortogr\u00e1fico.\" data-word=\"manicure\">manicura<\/span><span> adem\u00e1s de ser un oficio y una habilidad de expresi\u00f3n est\u00e9tica, ha sido un espacio integrador y reparador, donde ni\u00f1as, amigas, madres, hermanas y t\u00edas se han encontrado para dialogar y reparar tejidos sociales mientras cuidan de s\u00ed.<\/span><\/p>\n<p>[\/et_pb_text][\/et_pb_column][\/et_pb_row][\/et_pb_section][et_pb_section fb_built=&#8221;1&#8243; admin_label=&#8221;Secci\u00f3n&#8221; _builder_version=&#8221;4.9.4&#8243; _module_preset=&#8221;default&#8221; background_color=&#8221;rgba(0,50,58,0.45)&#8221; background_image=&#8221;https:\/\/nuevavidaparatodos.org\/wp-content\/uploads\/2021\/07\/CTA1-scaled-1.jpg&#8221; background_position=&#8221;center_left&#8221; background_blend=&#8221;multiply&#8221; border_width_top=&#8221;4px&#8221; border_color_top=&#8221;#f95353&#8243; border_width_bottom=&#8221;4px&#8221; border_color_bottom=&#8221;#f95353&#8243; global_module=&#8221;268&#8243; saved_tabs=&#8221;all&#8221; global_colors_info=&#8221;{}&#8221;][et_pb_row column_structure=&#8221;2_5,3_5&#8243; _builder_version=&#8221;4.16&#8243; _module_preset=&#8221;default&#8221; global_colors_info=&#8221;{}&#8221;][et_pb_column type=&#8221;2_5&#8243; _builder_version=&#8221;4.16&#8243; _module_preset=&#8221;default&#8221; global_colors_info=&#8221;{}&#8221;][\/et_pb_column][et_pb_column type=&#8221;3_5&#8243; _builder_version=&#8221;4.16&#8243; _module_preset=&#8221;default&#8221; global_colors_info=&#8221;{}&#8221;][et_pb_text _builder_version=&#8221;4.16&#8243; _module_preset=&#8221;default&#8221; header_2_font=&#8221;|700|||||||&#8221; background_layout=&#8221;dark&#8221; custom_margin=&#8221;||20px||false|false&#8221; text_orientation_tablet=&#8221;center&#8221; text_orientation_phone=&#8221;&#8221; text_orientation_last_edited=&#8221;on|tablet&#8221; global_colors_info=&#8221;{}&#8221;]<\/p>\n<h2>\u00a1AY\u00daDANOS A DAR UNA NUEVA VIDA!<\/h2>\n<p>Puedes ser padrino, voluntario o realizar donaciones.[\/et_pb_text][et_pb_button button_url=&#8221;@ET-DC@eyJkeW5hbWljIjp0cnVlLCJjb250ZW50IjoicG9zdF9saW5rX3VybF9wYWdlIiwic2V0dGluZ3MiOnsicG9zdF9pZCI6IjkwOCJ9fQ==@&#8221; button_text=&#8221;QUIERO AYUDAR&#8221; button_alignment=&#8221;left&#8221; button_alignment_tablet=&#8221;center&#8221; button_alignment_phone=&#8221;&#8221; button_alignment_last_edited=&#8221;on|tablet&#8221; _builder_version=&#8221;4.16&#8243; _dynamic_attributes=&#8221;button_url&#8221; _module_preset=&#8221;default&#8221; custom_button=&#8221;on&#8221; button_text_size=&#8221;16px&#8221; button_text_color=&#8221;#FFFFFF&#8221; button_bg_color=&#8221;#f95353&#8243; button_border_width=&#8221;4px&#8221; button_border_color=&#8221;#f95353&#8243; button_border_radius=&#8221;30px&#8221; button_font=&#8221;|600|||||||&#8221; button_use_icon=&#8221;off&#8221; custom_padding=&#8221;5px|15%|5px|15%|true|true&#8221; locked=&#8221;off&#8221; global_colors_info=&#8221;{}&#8221; button_bg_color__hover_enabled=&#8221;on|hover&#8221; button_bg_color__hover=&#8221;#f93939&#8243; button_bg_enable_color__hover=&#8221;on&#8221; transform_styles__hover_enabled=&#8221;on|hover&#8221; transform_scale__hover_enabled=&#8221;on|hover&#8221; transform_translate__hover_enabled=&#8221;on|hover&#8221; transform_rotate__hover_enabled=&#8221;on|hover&#8221; transform_skew__hover_enabled=&#8221;on|hover&#8221; transform_origin__hover_enabled=&#8221;on|hover&#8221; transform_scale__hover=&#8221;105%|105%&#8221; button_border_color__hover_enabled=&#8221;on|hover&#8221; button_border_color__hover=&#8221;#f93939&#8243;][\/et_pb_button][\/et_pb_column][\/et_pb_row][\/et_pb_section]<\/p>\n","protected":false},"excerpt":{"rendered":"<p>Programa Exploraci\u00f3n de talentosGeneramos oportunidades de exploraci\u00f3n de intereses y talentos para enriquecer el proyecto de vida de nuestros beneficiarios, a trav\u00e9s de diversos talleres extracurriculares.ARTES GR\u00c1FICAS Mediante la pintura y el dibujo, sus t\u00e9cnicas, formas y texturas, fomentamos las habilidades de concentraci\u00f3n como un ejercicio psicomotor que incrementa creatividad e imaginaci\u00f3n. &nbsp; &nbsp;M\u00daSICA Con [&hellip;]<\/p>\n","protected":false},"author":4,"featured_media":0,"parent":0,"menu_order":0,"comment_status":"closed","ping_status":"closed","template":"","meta":{"nf_dc_page":"","_et_pb_use_builder":"on","_et_pb_old_content":"","_et_gb_content_width":"","footnotes":""},"class_list":["post-970","page","type-page","status-publish","hentry"],"yoast_head":"<!-- This site is optimized with the Yoast SEO Premium plugin v18.8 (Yoast SEO v27.5) - https:\/\/yoast.com\/product\/yoast-seo-premium-wordpress\/ -->\n<title>EXPLORACI\u00d3N DE TALENTOS - Nueva Vida Para Todos<\/title>\n<meta name=\"robots\" content=\"index, follow, max-snippet:-1, max-image-preview:large, max-video-preview:-1\" \/>\n<link rel=\"canonical\" href=\"https:\/\/nuevavidaparatodos.org\/en\/exploracion-de-talentos\/\" \/>\n<meta property=\"og:locale\" content=\"en_US\" \/>\n<meta property=\"og:type\" content=\"article\" \/>\n<meta property=\"og:title\" content=\"EXPLORACI\u00d3N DE TALENTOS\" \/>\n<meta property=\"og:description\" content=\"Programa Exploraci\u00f3n de talentosGeneramos oportunidades de exploraci\u00f3n de intereses y talentos para enriquecer el proyecto de vida de nuestros beneficiarios, a trav\u00e9s de diversos talleres extracurriculares.ARTES GR\u00c1FICAS Mediante la pintura y el dibujo, sus t\u00e9cnicas, formas y texturas, fomentamos las habilidades de concentraci\u00f3n como un ejercicio psicomotor que incrementa creatividad e imaginaci\u00f3n. &nbsp; &nbsp;M\u00daSICA Con [&hellip;]\" \/>\n<meta property=\"og:url\" content=\"https:\/\/nuevavidaparatodos.org\/en\/exploracion-de-talentos\/\" \/>\n<meta property=\"og:site_name\" content=\"Nueva Vida Para Todos\" \/>\n<meta property=\"article:modified_time\" content=\"2023-11-20T03:19:40+00:00\" \/>\n<meta name=\"twitter:card\" content=\"summary_large_image\" \/>\n<meta name=\"twitter:label1\" content=\"Est. reading time\" \/>\n\t<meta name=\"twitter:data1\" content=\"8 minutes\" \/>\n<script type=\"application\/ld+json\" class=\"yoast-schema-graph\">{\"@context\":\"https:\\\/\\\/schema.org\",\"@graph\":[{\"@type\":\"WebPage\",\"@id\":\"https:\\\/\\\/nuevavidaparatodos.org\\\/exploracion-de-talentos\\\/\",\"url\":\"https:\\\/\\\/nuevavidaparatodos.org\\\/exploracion-de-talentos\\\/\",\"name\":\"EXPLORACI\u00d3N DE TALENTOS - Nueva Vida Para Todos\",\"isPartOf\":{\"@id\":\"https:\\\/\\\/nuevavidaparatodos.org\\\/#website\"},\"datePublished\":\"2021-07-23T22:35:02+00:00\",\"dateModified\":\"2023-11-20T03:19:40+00:00\",\"breadcrumb\":{\"@id\":\"https:\\\/\\\/nuevavidaparatodos.org\\\/exploracion-de-talentos\\\/#breadcrumb\"},\"inLanguage\":\"en-US\",\"potentialAction\":[{\"@type\":\"ReadAction\",\"target\":[\"https:\\\/\\\/nuevavidaparatodos.org\\\/exploracion-de-talentos\\\/\"]}]},{\"@type\":\"BreadcrumbList\",\"@id\":\"https:\\\/\\\/nuevavidaparatodos.org\\\/exploracion-de-talentos\\\/#breadcrumb\",\"itemListElement\":[{\"@type\":\"ListItem\",\"position\":1,\"name\":\"Portada\",\"item\":\"https:\\\/\\\/nuevavidaparatodos.org\\\/\"},{\"@type\":\"ListItem\",\"position\":2,\"name\":\"EXPLORACI\u00d3N DE TALENTOS\"}]},{\"@type\":\"WebSite\",\"@id\":\"https:\\\/\\\/nuevavidaparatodos.org\\\/#website\",\"url\":\"https:\\\/\\\/nuevavidaparatodos.org\\\/\",\"name\":\"Nueva Vida Para Todos\",\"description\":\"\",\"potentialAction\":[{\"@type\":\"SearchAction\",\"target\":{\"@type\":\"EntryPoint\",\"urlTemplate\":\"https:\\\/\\\/nuevavidaparatodos.org\\\/?s={search_term_string}\"},\"query-input\":{\"@type\":\"PropertyValueSpecification\",\"valueRequired\":true,\"valueName\":\"search_term_string\"}}],\"inLanguage\":\"en-US\"}]}<\/script>\n<!-- \/ Yoast SEO Premium plugin. -->","yoast_head_json":{"title":"EXPLORACI\u00d3N DE TALENTOS - Nueva Vida Para Todos","robots":{"index":"index","follow":"follow","max-snippet":"max-snippet:-1","max-image-preview":"max-image-preview:large","max-video-preview":"max-video-preview:-1"},"canonical":"https:\/\/nuevavidaparatodos.org\/en\/exploracion-de-talentos\/","og_locale":"en_US","og_type":"article","og_title":"EXPLORACI\u00d3N DE TALENTOS","og_description":"Programa Exploraci\u00f3n de talentosGeneramos oportunidades de exploraci\u00f3n de intereses y talentos para enriquecer el proyecto de vida de nuestros beneficiarios, a trav\u00e9s de diversos talleres extracurriculares.ARTES GR\u00c1FICAS Mediante la pintura y el dibujo, sus t\u00e9cnicas, formas y texturas, fomentamos las habilidades de concentraci\u00f3n como un ejercicio psicomotor que incrementa creatividad e imaginaci\u00f3n. &nbsp; &nbsp;M\u00daSICA Con [&hellip;]","og_url":"https:\/\/nuevavidaparatodos.org\/en\/exploracion-de-talentos\/","og_site_name":"Nueva Vida Para Todos","article_modified_time":"2023-11-20T03:19:40+00:00","twitter_card":"summary_large_image","twitter_misc":{"Est. reading time":"8 minutes"},"schema":{"@context":"https:\/\/schema.org","@graph":[{"@type":"WebPage","@id":"https:\/\/nuevavidaparatodos.org\/exploracion-de-talentos\/","url":"https:\/\/nuevavidaparatodos.org\/exploracion-de-talentos\/","name":"EXPLORACI\u00d3N DE TALENTOS - Nueva Vida Para Todos","isPartOf":{"@id":"https:\/\/nuevavidaparatodos.org\/#website"},"datePublished":"2021-07-23T22:35:02+00:00","dateModified":"2023-11-20T03:19:40+00:00","breadcrumb":{"@id":"https:\/\/nuevavidaparatodos.org\/exploracion-de-talentos\/#breadcrumb"},"inLanguage":"en-US","potentialAction":[{"@type":"ReadAction","target":["https:\/\/nuevavidaparatodos.org\/exploracion-de-talentos\/"]}]},{"@type":"BreadcrumbList","@id":"https:\/\/nuevavidaparatodos.org\/exploracion-de-talentos\/#breadcrumb","itemListElement":[{"@type":"ListItem","position":1,"name":"Portada","item":"https:\/\/nuevavidaparatodos.org\/"},{"@type":"ListItem","position":2,"name":"EXPLORACI\u00d3N DE TALENTOS"}]},{"@type":"WebSite","@id":"https:\/\/nuevavidaparatodos.org\/#website","url":"https:\/\/nuevavidaparatodos.org\/","name":"New Life For All","description":"","potentialAction":[{"@type":"SearchAction","target":{"@type":"EntryPoint","urlTemplate":"https:\/\/nuevavidaparatodos.org\/?s={search_term_string}"},"query-input":{"@type":"PropertyValueSpecification","valueRequired":true,"valueName":"search_term_string"}}],"inLanguage":"en-US"}]}},"jetpack_sharing_enabled":true,"_links":{"self":[{"href":"https:\/\/nuevavidaparatodos.org\/en\/wp-json\/wp\/v2\/pages\/970","targetHints":{"allow":["GET"]}}],"collection":[{"href":"https:\/\/nuevavidaparatodos.org\/en\/wp-json\/wp\/v2\/pages"}],"about":[{"href":"https:\/\/nuevavidaparatodos.org\/en\/wp-json\/wp\/v2\/types\/page"}],"author":[{"embeddable":true,"href":"https:\/\/nuevavidaparatodos.org\/en\/wp-json\/wp\/v2\/users\/4"}],"replies":[{"embeddable":true,"href":"https:\/\/nuevavidaparatodos.org\/en\/wp-json\/wp\/v2\/comments?post=970"}],"version-history":[{"count":5,"href":"https:\/\/nuevavidaparatodos.org\/en\/wp-json\/wp\/v2\/pages\/970\/revisions"}],"predecessor-version":[{"id":2721,"href":"https:\/\/nuevavidaparatodos.org\/en\/wp-json\/wp\/v2\/pages\/970\/revisions\/2721"}],"wp:attachment":[{"href":"https:\/\/nuevavidaparatodos.org\/en\/wp-json\/wp\/v2\/media?parent=970"}],"curies":[{"name":"wp","href":"https:\/\/api.w.org\/{rel}","templated":true}]}}