{"id":974,"date":"2021-07-23T22:39:51","date_gmt":"2021-07-23T22:39:51","guid":{"rendered":"https:\/\/nuevavidaparatodos.org\/?page_id=974"},"modified":"2023-11-20T03:46:28","modified_gmt":"2023-11-20T03:46:28","slug":"impulsos-a-la-educacion","status":"publish","type":"page","link":"https:\/\/nuevavidaparatodos.org\/en\/impulsos-a-la-educacion\/","title":{"rendered":"BOOSTS EDUCATION"},"content":{"rendered":"<p>[et_pb_section fb_built=&#8221;1&#8243; _builder_version=&#8221;4.23.1&#8243; background_color=&#8221;rgba(0,0,0,0.43)&#8221; background_color_gradient_direction=&#8221;90deg&#8221; background_image=&#8221;https:\/\/nuevavidaparatodos.org\/wp-content\/uploads\/2023\/11\/DSC_6327.jpg&#8221; background_position=&#8221;bottom_center&#8221; background_blend=&#8221;multiply&#8221; custom_padding=&#8221;20vh||||false|false&#8221; top_divider_style=&#8221;arrow&#8221; top_divider_color=&#8221;#fbbc64&#8243; top_divider_height=&#8221;15vh&#8221; hover_enabled=&#8221;0&#8243; global_colors_info=&#8221;{}&#8221; title_text=&#8221;DSC_6327&#8243; sticky_enabled=&#8221;0&#8243;][et_pb_row _builder_version=&#8221;4.16&#8243; global_colors_info=&#8221;{}&#8221;][et_pb_column type=&#8221;4_4&#8243; _builder_version=&#8221;4.16&#8243; global_colors_info=&#8221;{}&#8221;][et_pb_text _builder_version=&#8221;4.16&#8243; text_font=&#8221;|600|||||||&#8221; text_line_height=&#8221;1.8em&#8221; header_font_size=&#8221;55px&#8221; header_2_font=&#8221;|||on|||||&#8221; header_2_font_size=&#8221;80px&#8221; header_4_font=&#8221;||||||||&#8221; header_4_text_color=&#8221;#fbbc64&#8243; header_4_line_height=&#8221;1.4em&#8221; background_layout=&#8221;dark&#8221; header_font_size_tablet=&#8221;30px&#8221; header_font_size_phone=&#8221;25px&#8221; header_font_size_last_edited=&#8221;on|phone&#8221; header_2_font_size_tablet=&#8221;60px&#8221; header_2_font_size_phone=&#8221;35px&#8221; header_2_font_size_last_edited=&#8221;on|phone&#8221; header_4_font_size_tablet=&#8221;20px&#8221; header_4_font_size_phone=&#8221;14px&#8221; header_4_font_size_last_edited=&#8221;on|phone&#8221; locked=&#8221;off&#8221; global_colors_info=&#8221;{}&#8221;]<\/p>\n<h4>Programa<\/h4>\n<h1>Impulsos a la educaci\u00f3n<\/h1>\n<p>[\/et_pb_text][et_pb_text _builder_version=&#8221;4.16&#8243; _module_preset=&#8221;default&#8221; text_font=&#8221;||||||||&#8221; text_font_size=&#8221;25px&#8221; text_line_height=&#8221;1.4em&#8221; background_layout=&#8221;dark&#8221; module_alignment=&#8221;center&#8221; text_font_size_tablet=&#8221;20px&#8221; text_font_size_phone=&#8221;18px&#8221; text_font_size_last_edited=&#8221;on|tablet&#8221; global_colors_info=&#8221;{}&#8221;]<\/p>\n<p style=\"text-align: justify;\">Trabajamos en motivar el logro educativo y proveer herramientas para incrementar el rendimiento escolar, el desempe\u00f1o en pruebas SABER y la permanencia en el sistema educativo de ni\u00f1as, ni\u00f1os y adolescentes.<\/p>\n<p>[\/et_pb_text][\/et_pb_column][\/et_pb_row][\/et_pb_section][et_pb_section fb_built=&#8221;1&#8243; _builder_version=&#8221;4.16&#8243; _module_preset=&#8221;default&#8221; background_color=&#8221;#f4f4f4&#8243; global_colors_info=&#8221;{}&#8221;][et_pb_row column_structure=&#8221;1_3,1_3,1_3&#8243; _builder_version=&#8221;4.16&#8243; _module_preset=&#8221;default&#8221; global_colors_info=&#8221;{}&#8221;][et_pb_column type=&#8221;1_3&#8243; _builder_version=&#8221;4.16&#8243; _module_preset=&#8221;default&#8221; global_colors_info=&#8221;{}&#8221;][et_pb_image src=&#8221;https:\/\/nuevavidaparatodos.org\/wp-content\/uploads\/2021\/07\/3-3.jpg&#8221; title_text=&#8221;3&#8243; _builder_version=&#8221;4.16&#8243; _module_preset=&#8221;default&#8221; hover_enabled=&#8221;0&#8243; global_colors_info=&#8221;{}&#8221; sticky_enabled=&#8221;0&#8243;][\/et_pb_image][et_pb_text _builder_version=&#8221;4.16&#8243; _module_preset=&#8221;default&#8221; global_colors_info=&#8221;{}&#8221;]<\/p>\n<p style=\"text-align: justify;\">Intervenimos de manera temprana a los beneficiarios que puedan presentar dificultades de aprendizaje y requieren refuerzo escolar en las \u00e1reas b\u00e1sicas del saber: lenguaje y matem\u00e1ticas.<\/p>\n<p>[\/et_pb_text][\/et_pb_column][et_pb_column type=&#8221;1_3&#8243; _builder_version=&#8221;4.16&#8243; _module_preset=&#8221;default&#8221; global_colors_info=&#8221;{}&#8221;][et_pb_image src=&#8221;https:\/\/nuevavidaparatodos.org\/wp-content\/uploads\/2023\/11\/ed-4.jpg&#8221; title_text=&#8221;ed 4&#8243; _builder_version=&#8221;4.23.1&#8243; _module_preset=&#8221;default&#8221; hover_enabled=&#8221;0&#8243; global_colors_info=&#8221;{}&#8221; sticky_enabled=&#8221;0&#8243;][\/et_pb_image][et_pb_text _builder_version=&#8221;4.16&#8243; _module_preset=&#8221;default&#8221; global_colors_info=&#8221;{}&#8221;]<\/p>\n<p style=\"text-align: justify;\">Proveemos espacios, servicios y dotaci\u00f3n escolar que permita a los beneficiarios cumplir de manera apropiada sus obligaciones educativas.<\/p>\n<p>[\/et_pb_text][\/et_pb_column][et_pb_column type=&#8221;1_3&#8243; _builder_version=&#8221;4.16&#8243; _module_preset=&#8221;default&#8221; global_colors_info=&#8221;{}&#8221;][et_pb_image src=&#8221;https:\/\/nuevavidaparatodos.org\/wp-content\/uploads\/2023\/11\/ed-1.jpg&#8221; title_text=&#8221;ed 1&#8243; _builder_version=&#8221;4.23.1&#8243; _module_preset=&#8221;default&#8221; hover_enabled=&#8221;0&#8243; global_colors_info=&#8221;{}&#8221; sticky_enabled=&#8221;0&#8243;][\/et_pb_image][et_pb_text _builder_version=&#8221;4.16&#8243; _module_preset=&#8221;default&#8221; global_colors_info=&#8221;{}&#8221;]<\/p>\n<p style=\"text-align: justify;\">Motivamos el logro educativo a trav\u00e9s de una visualizaci\u00f3n de la vida despu\u00e9s del colegio y las posibilidades de acceso a la educaci\u00f3n superior (t\u00e9cnico, tecnol\u00f3gica y profesional).<\/p>\n<p>[\/et_pb_text][\/et_pb_column][\/et_pb_row][et_pb_row _builder_version=&#8221;4.16&#8243; _module_preset=&#8221;default&#8221; global_colors_info=&#8221;{}&#8221;][et_pb_column type=&#8221;4_4&#8243; _builder_version=&#8221;4.16&#8243; _module_preset=&#8221;default&#8221; global_colors_info=&#8221;{}&#8221;][et_pb_button button_url=&#8221;https:\/\/nuevavidaparatodos.org\/category\/testimonios\/&#8221; button_text=&#8221;VER TESTIMONIOS&#8221; button_alignment=&#8221;center&#8221; _builder_version=&#8221;4.16&#8243; _module_preset=&#8221;default&#8221; custom_button=&#8221;on&#8221; button_text_size=&#8221;18px&#8221; button_text_color=&#8221;#FFFFFF&#8221; button_bg_color=&#8221;#f95353&#8243; button_border_width=&#8221;4px&#8221; button_border_color=&#8221;#f95353&#8243; button_border_radius=&#8221;30px&#8221; button_font=&#8221;|600|||||||&#8221; button_use_icon=&#8221;off&#8221; custom_padding=&#8221;5px|15%|5px|15%|true|true&#8221; locked=&#8221;off&#8221; global_colors_info=&#8221;{}&#8221; button_bg_color__hover_enabled=&#8221;on|hover&#8221; button_bg_color__hover=&#8221;#f93939&#8243; button_bg_enable_color__hover=&#8221;on&#8221; transform_styles__hover_enabled=&#8221;on|hover&#8221; transform_scale__hover_enabled=&#8221;on|hover&#8221; transform_translate__hover_enabled=&#8221;on|hover&#8221; transform_rotate__hover_enabled=&#8221;on|hover&#8221; transform_skew__hover_enabled=&#8221;on|hover&#8221; transform_origin__hover_enabled=&#8221;on|hover&#8221; transform_scale__hover=&#8221;105%|105%&#8221; button_border_color__hover_enabled=&#8221;on|hover&#8221; button_border_color__hover=&#8221;#f93939&#8243;][\/et_pb_button][\/et_pb_column][\/et_pb_row][\/et_pb_section][et_pb_section fb_built=&#8221;1&#8243; _builder_version=&#8221;4.16&#8243; _module_preset=&#8221;default&#8221; background_color=&#8221;rgba(0,50,58,0.45)&#8221; background_image=&#8221;https:\/\/nuevavidaparatodos.org\/wp-content\/uploads\/2021\/07\/CTA1-scaled-1.jpg&#8221; background_position=&#8221;center_left&#8221; background_blend=&#8221;multiply&#8221; border_width_top=&#8221;4px&#8221; border_color_top=&#8221;#f95353&#8243; border_width_bottom=&#8221;4px&#8221; border_color_bottom=&#8221;#f95353&#8243; global_colors_info=&#8221;{}&#8221;][et_pb_row column_structure=&#8221;2_5,3_5&#8243; _builder_version=&#8221;4.16&#8243; _module_preset=&#8221;default&#8221; global_colors_info=&#8221;{}&#8221;][et_pb_column type=&#8221;2_5&#8243; _builder_version=&#8221;4.16&#8243; _module_preset=&#8221;default&#8221; global_colors_info=&#8221;{}&#8221;][\/et_pb_column][et_pb_column type=&#8221;3_5&#8243; _builder_version=&#8221;4.16&#8243; _module_preset=&#8221;default&#8221; global_colors_info=&#8221;{}&#8221;][et_pb_text _builder_version=&#8221;4.16&#8243; _module_preset=&#8221;default&#8221; header_2_font=&#8221;|700|||||||&#8221; background_layout=&#8221;dark&#8221; custom_margin=&#8221;||20px||false|false&#8221; text_orientation_tablet=&#8221;center&#8221; text_orientation_phone=&#8221;&#8221; text_orientation_last_edited=&#8221;on|tablet&#8221; global_colors_info=&#8221;{}&#8221;]<\/p>\n<h2>\u00a1AY\u00daDANOS A DAR UNA NUEVA VIDA!<\/h2>\n<p>Puedes ser padrino, voluntario o realizar donaciones.[\/et_pb_text][et_pb_button button_text=&#8221;QUIERO AYUDAR&#8221; button_alignment=&#8221;left&#8221; button_alignment_tablet=&#8221;center&#8221; button_alignment_phone=&#8221;&#8221; button_alignment_last_edited=&#8221;on|tablet&#8221; _builder_version=&#8221;4.16&#8243; _module_preset=&#8221;default&#8221; custom_button=&#8221;on&#8221; button_text_size=&#8221;18px&#8221; button_text_color=&#8221;#FFFFFF&#8221; button_bg_color=&#8221;#f95353&#8243; button_border_width=&#8221;4px&#8221; button_border_color=&#8221;#f95353&#8243; button_border_radius=&#8221;30px&#8221; button_font=&#8221;|600|||||||&#8221; button_use_icon=&#8221;off&#8221; custom_padding=&#8221;5px|15%|5px|15%|true|true&#8221; locked=&#8221;off&#8221; global_colors_info=&#8221;{}&#8221; button_bg_color__hover_enabled=&#8221;on|hover&#8221; button_bg_color__hover=&#8221;#f93939&#8243; button_bg_enable_color__hover=&#8221;on&#8221; transform_styles__hover_enabled=&#8221;on|hover&#8221; transform_scale__hover_enabled=&#8221;on|hover&#8221; transform_translate__hover_enabled=&#8221;on|hover&#8221; transform_rotate__hover_enabled=&#8221;on|hover&#8221; transform_skew__hover_enabled=&#8221;on|hover&#8221; transform_origin__hover_enabled=&#8221;on|hover&#8221; transform_scale__hover=&#8221;105%|105%&#8221; button_border_color__hover_enabled=&#8221;on|hover&#8221; button_border_color__hover=&#8221;#f93939&#8243;][\/et_pb_button][\/et_pb_column][\/et_pb_row][\/et_pb_section]<\/p>\n","protected":false},"excerpt":{"rendered":"<p>Programa Impulsos a la educaci\u00f3nTrabajamos en motivar el logro educativo y proveer herramientas para incrementar el rendimiento escolar, el desempe\u00f1o en pruebas SABER y la permanencia en el sistema educativo de ni\u00f1as, ni\u00f1os y adolescentes.Intervenimos de manera temprana a los beneficiarios que puedan presentar dificultades de aprendizaje y requieren refuerzo escolar en las \u00e1reas b\u00e1sicas [&hellip;]<\/p>\n","protected":false},"author":4,"featured_media":0,"parent":0,"menu_order":0,"comment_status":"closed","ping_status":"closed","template":"","meta":{"nf_dc_page":"","_et_pb_use_builder":"on","_et_pb_old_content":"","_et_gb_content_width":"","footnotes":""},"class_list":["post-974","page","type-page","status-publish","hentry"],"yoast_head":"<!-- This site is optimized with the Yoast SEO Premium plugin v18.8 (Yoast SEO v27.5) - https:\/\/yoast.com\/product\/yoast-seo-premium-wordpress\/ -->\n<title>IMPULSOS A LA EDUCACI\u00d3N - Nueva Vida Para Todos<\/title>\n<meta name=\"robots\" content=\"index, follow, max-snippet:-1, max-image-preview:large, max-video-preview:-1\" \/>\n<link rel=\"canonical\" href=\"https:\/\/nuevavidaparatodos.org\/en\/impulsos-a-la-educacion\/\" \/>\n<meta property=\"og:locale\" content=\"en_US\" \/>\n<meta property=\"og:type\" content=\"article\" \/>\n<meta property=\"og:title\" content=\"IMPULSOS A LA EDUCACI\u00d3N\" \/>\n<meta property=\"og:description\" content=\"Programa Impulsos a la educaci\u00f3nTrabajamos en motivar el logro educativo y proveer herramientas para incrementar el rendimiento escolar, el desempe\u00f1o en pruebas SABER y la permanencia en el sistema educativo de ni\u00f1as, ni\u00f1os y adolescentes.Intervenimos de manera temprana a los beneficiarios que puedan presentar dificultades de aprendizaje y requieren refuerzo escolar en las \u00e1reas b\u00e1sicas [&hellip;]\" \/>\n<meta property=\"og:url\" content=\"https:\/\/nuevavidaparatodos.org\/en\/impulsos-a-la-educacion\/\" \/>\n<meta property=\"og:site_name\" content=\"Nueva Vida Para Todos\" \/>\n<meta property=\"article:modified_time\" content=\"2023-11-20T03:46:28+00:00\" \/>\n<meta name=\"twitter:card\" content=\"summary_large_image\" \/>\n<meta name=\"twitter:label1\" content=\"Est. reading time\" \/>\n\t<meta name=\"twitter:data1\" content=\"5 minutes\" \/>\n<script type=\"application\/ld+json\" class=\"yoast-schema-graph\">{\"@context\":\"https:\\\/\\\/schema.org\",\"@graph\":[{\"@type\":\"WebPage\",\"@id\":\"https:\\\/\\\/nuevavidaparatodos.org\\\/impulsos-a-la-educacion\\\/\",\"url\":\"https:\\\/\\\/nuevavidaparatodos.org\\\/impulsos-a-la-educacion\\\/\",\"name\":\"IMPULSOS A LA EDUCACI\u00d3N - Nueva Vida Para Todos\",\"isPartOf\":{\"@id\":\"https:\\\/\\\/nuevavidaparatodos.org\\\/#website\"},\"datePublished\":\"2021-07-23T22:39:51+00:00\",\"dateModified\":\"2023-11-20T03:46:28+00:00\",\"breadcrumb\":{\"@id\":\"https:\\\/\\\/nuevavidaparatodos.org\\\/impulsos-a-la-educacion\\\/#breadcrumb\"},\"inLanguage\":\"en-US\",\"potentialAction\":[{\"@type\":\"ReadAction\",\"target\":[\"https:\\\/\\\/nuevavidaparatodos.org\\\/impulsos-a-la-educacion\\\/\"]}]},{\"@type\":\"BreadcrumbList\",\"@id\":\"https:\\\/\\\/nuevavidaparatodos.org\\\/impulsos-a-la-educacion\\\/#breadcrumb\",\"itemListElement\":[{\"@type\":\"ListItem\",\"position\":1,\"name\":\"Portada\",\"item\":\"https:\\\/\\\/nuevavidaparatodos.org\\\/\"},{\"@type\":\"ListItem\",\"position\":2,\"name\":\"IMPULSOS A LA EDUCACI\u00d3N\"}]},{\"@type\":\"WebSite\",\"@id\":\"https:\\\/\\\/nuevavidaparatodos.org\\\/#website\",\"url\":\"https:\\\/\\\/nuevavidaparatodos.org\\\/\",\"name\":\"Nueva Vida Para Todos\",\"description\":\"\",\"potentialAction\":[{\"@type\":\"SearchAction\",\"target\":{\"@type\":\"EntryPoint\",\"urlTemplate\":\"https:\\\/\\\/nuevavidaparatodos.org\\\/?s={search_term_string}\"},\"query-input\":{\"@type\":\"PropertyValueSpecification\",\"valueRequired\":true,\"valueName\":\"search_term_string\"}}],\"inLanguage\":\"en-US\"}]}<\/script>\n<!-- \/ Yoast SEO Premium plugin. -->","yoast_head_json":{"title":"IMPULSOS A LA EDUCACI\u00d3N - Nueva Vida Para Todos","robots":{"index":"index","follow":"follow","max-snippet":"max-snippet:-1","max-image-preview":"max-image-preview:large","max-video-preview":"max-video-preview:-1"},"canonical":"https:\/\/nuevavidaparatodos.org\/en\/impulsos-a-la-educacion\/","og_locale":"en_US","og_type":"article","og_title":"IMPULSOS A LA EDUCACI\u00d3N","og_description":"Programa Impulsos a la educaci\u00f3nTrabajamos en motivar el logro educativo y proveer herramientas para incrementar el rendimiento escolar, el desempe\u00f1o en pruebas SABER y la permanencia en el sistema educativo de ni\u00f1as, ni\u00f1os y adolescentes.Intervenimos de manera temprana a los beneficiarios que puedan presentar dificultades de aprendizaje y requieren refuerzo escolar en las \u00e1reas b\u00e1sicas [&hellip;]","og_url":"https:\/\/nuevavidaparatodos.org\/en\/impulsos-a-la-educacion\/","og_site_name":"Nueva Vida Para Todos","article_modified_time":"2023-11-20T03:46:28+00:00","twitter_card":"summary_large_image","twitter_misc":{"Est. reading time":"5 minutes"},"schema":{"@context":"https:\/\/schema.org","@graph":[{"@type":"WebPage","@id":"https:\/\/nuevavidaparatodos.org\/impulsos-a-la-educacion\/","url":"https:\/\/nuevavidaparatodos.org\/impulsos-a-la-educacion\/","name":"IMPULSOS A LA EDUCACI\u00d3N - Nueva Vida Para Todos","isPartOf":{"@id":"https:\/\/nuevavidaparatodos.org\/#website"},"datePublished":"2021-07-23T22:39:51+00:00","dateModified":"2023-11-20T03:46:28+00:00","breadcrumb":{"@id":"https:\/\/nuevavidaparatodos.org\/impulsos-a-la-educacion\/#breadcrumb"},"inLanguage":"en-US","potentialAction":[{"@type":"ReadAction","target":["https:\/\/nuevavidaparatodos.org\/impulsos-a-la-educacion\/"]}]},{"@type":"BreadcrumbList","@id":"https:\/\/nuevavidaparatodos.org\/impulsos-a-la-educacion\/#breadcrumb","itemListElement":[{"@type":"ListItem","position":1,"name":"Portada","item":"https:\/\/nuevavidaparatodos.org\/"},{"@type":"ListItem","position":2,"name":"IMPULSOS A LA EDUCACI\u00d3N"}]},{"@type":"WebSite","@id":"https:\/\/nuevavidaparatodos.org\/#website","url":"https:\/\/nuevavidaparatodos.org\/","name":"New Life For All","description":"","potentialAction":[{"@type":"SearchAction","target":{"@type":"EntryPoint","urlTemplate":"https:\/\/nuevavidaparatodos.org\/?s={search_term_string}"},"query-input":{"@type":"PropertyValueSpecification","valueRequired":true,"valueName":"search_term_string"}}],"inLanguage":"en-US"}]}},"jetpack_sharing_enabled":true,"_links":{"self":[{"href":"https:\/\/nuevavidaparatodos.org\/en\/wp-json\/wp\/v2\/pages\/974","targetHints":{"allow":["GET"]}}],"collection":[{"href":"https:\/\/nuevavidaparatodos.org\/en\/wp-json\/wp\/v2\/pages"}],"about":[{"href":"https:\/\/nuevavidaparatodos.org\/en\/wp-json\/wp\/v2\/types\/page"}],"author":[{"embeddable":true,"href":"https:\/\/nuevavidaparatodos.org\/en\/wp-json\/wp\/v2\/users\/4"}],"replies":[{"embeddable":true,"href":"https:\/\/nuevavidaparatodos.org\/en\/wp-json\/wp\/v2\/comments?post=974"}],"version-history":[{"count":5,"href":"https:\/\/nuevavidaparatodos.org\/en\/wp-json\/wp\/v2\/pages\/974\/revisions"}],"predecessor-version":[{"id":2728,"href":"https:\/\/nuevavidaparatodos.org\/en\/wp-json\/wp\/v2\/pages\/974\/revisions\/2728"}],"wp:attachment":[{"href":"https:\/\/nuevavidaparatodos.org\/en\/wp-json\/wp\/v2\/media?parent=974"}],"curies":[{"name":"wp","href":"https:\/\/api.w.org\/{rel}","templated":true}]}}