{"id":986,"date":"2021-07-23T22:46:06","date_gmt":"2021-07-23T22:46:06","guid":{"rendered":"https:\/\/nuevavidaparatodos.org\/?page_id=986"},"modified":"2024-05-21T20:00:18","modified_gmt":"2024-05-21T20:00:18","slug":"ubicacion","status":"publish","type":"page","link":"https:\/\/nuevavidaparatodos.org\/en\/ubicacion\/","title":{"rendered":"LOCATION"},"content":{"rendered":"<p>[et_pb_section fb_built=&#8221;1&#8243; _builder_version=&#8221;4.16&#8243; background_color=&#8221;rgba(0,0,0,0.43)&#8221; background_color_gradient_direction=&#8221;90deg&#8221; background_image=&#8221;https:\/\/nuevavidaparatodos.org\/wp-content\/uploads\/2021\/07\/CB.jpg&#8221; background_blend=&#8221;multiply&#8221; custom_padding=&#8221;20vh||||false|false&#8221; top_divider_style=&#8221;arrow&#8221; top_divider_color=&#8221;#fbbc64&#8243; top_divider_height=&#8221;15vh&#8221; global_colors_info=&#8221;{}&#8221;][et_pb_row _builder_version=&#8221;4.16&#8243; global_colors_info=&#8221;{}&#8221;][et_pb_column type=&#8221;4_4&#8243; _builder_version=&#8221;4.16&#8243; global_colors_info=&#8221;{}&#8221;][et_pb_text _builder_version=&#8221;4.16&#8243; text_font=&#8221;|600|||||||&#8221; text_line_height=&#8221;1.8em&#8221; header_font_size=&#8221;55px&#8221; header_2_font=&#8221;|||on|||||&#8221; header_2_font_size=&#8221;80px&#8221; header_4_font=&#8221;||||||||&#8221; header_4_text_color=&#8221;#fbbc64&#8243; header_4_line_height=&#8221;1.4em&#8221; background_layout=&#8221;dark&#8221; header_font_size_tablet=&#8221;30px&#8221; header_font_size_phone=&#8221;25px&#8221; header_font_size_last_edited=&#8221;on|phone&#8221; header_2_font_size_tablet=&#8221;60px&#8221; header_2_font_size_phone=&#8221;35px&#8221; header_2_font_size_last_edited=&#8221;on|phone&#8221; header_4_font_size_tablet=&#8221;20px&#8221; header_4_font_size_phone=&#8221;14px&#8221; header_4_font_size_last_edited=&#8221;on|phone&#8221; locked=&#8221;off&#8221; global_colors_info=&#8221;{}&#8221;]<\/p>\n<h4>Ubicaci\u00f3n<\/h4>\n<h1>Ciudad Bol\u00edvar<\/h1>\n<p>[\/et_pb_text][et_pb_text _builder_version=&#8221;4.16&#8243; _module_preset=&#8221;default&#8221; text_font=&#8221;||||||||&#8221; text_font_size=&#8221;25px&#8221; text_line_height=&#8221;1.4em&#8221; background_layout=&#8221;dark&#8221; module_alignment=&#8221;center&#8221; text_font_size_tablet=&#8221;20px&#8221; text_font_size_phone=&#8221;18px&#8221; text_font_size_last_edited=&#8221;on|phone&#8221; global_colors_info=&#8221;{}&#8221;]<\/p>\n<p>Ciudad Bol\u00edvar es la tercera localidad m\u00e1s extensa de Bogot\u00e1, Colombia, ubicada al sur de la ciudad con m\u00e1s de 800.000 habitantes y 254 barrios.<\/p>\n<p>[\/et_pb_text][\/et_pb_column][\/et_pb_row][\/et_pb_section][et_pb_section fb_built=&#8221;1&#8243; _builder_version=&#8221;4.16&#8243; _module_preset=&#8221;default&#8221; background_color=&#8221;RGBA(0,0,0,0)&#8221; custom_margin=&#8221;0px||0px||false|false&#8221; custom_padding=&#8221;||||false|false&#8221; global_colors_info=&#8221;{}&#8221;][et_pb_row make_equal=&#8221;on&#8221; _builder_version=&#8221;4.16&#8243; _module_preset=&#8221;default&#8221; background_enable_color=&#8221;off&#8221; custom_padding=&#8221;45px||45px||false|true&#8221; custom_css_main_element=&#8221;align-items: center;&#8221; global_colors_info=&#8221;{}&#8221;][et_pb_column type=&#8221;4_4&#8243; _builder_version=&#8221;4.16&#8243; _module_preset=&#8221;default&#8221; global_colors_info=&#8221;{}&#8221;][et_pb_text _builder_version=&#8221;4.16&#8243; _module_preset=&#8221;default&#8221; text_font=&#8221;||||||||&#8221; module_alignment=&#8221;center&#8221; custom_margin=&#8221;||5px||false|false&#8221; global_colors_info=&#8221;{}&#8221;]<\/p>\n<h1 class=\"p1\">\u00bfPOR QU\u00c9 CIUDAD BOL\u00cdVAR?<\/h1>\n<p>[\/et_pb_text][et_pb_divider color=&#8221;#fbbc64&#8243; divider_weight=&#8221;5px&#8221; _builder_version=&#8221;4.16&#8243; _module_preset=&#8221;default&#8221; width=&#8221;80px&#8221; module_alignment=&#8221;left&#8221; custom_margin=&#8221;||0px||false|false&#8221; global_colors_info=&#8221;{}&#8221;][\/et_pb_divider][et_pb_text _builder_version=&#8221;4.25.1&#8243; _module_preset=&#8221;default&#8221; custom_margin=&#8221;35px||||false|false&#8221; global_colors_info=&#8221;{}&#8221;]<\/p>\n<p style=\"text-align: justify;\">Con la esperanza de construir un futuro mejor para sus familias, muchos de sus habitantes llegaron a Ciudad Bol\u00edvar, que inici\u00f3 como barrios de invasi\u00f3n, refugiados en casas de latas y aislados de la ciudad. Luego, a partir del trabajo que realizaron con dedicaci\u00f3n crearon comunidad, d\u00e1ndole forma a lo que hoy vemos transformado en construcciones de cemento y fachadas de colores integrados por Transmicable y Transmilenio.<\/p>\n<p style=\"text-align: justify;\">A pesar de los avances, crecer en Ciudad Bol\u00edvar significa a\u00fan estigmatizaci\u00f3n, falta de oportunidades y libertades. Muchos proyectos de vida se ven truncados por las barreras de la pobreza, inestabilidad familiar, un entorno con acceso limitado a la recreaci\u00f3n, educaci\u00f3n de calidad, creatividad y deporte.<\/p>\n<p style=\"text-align: justify;\">Sin embargo, en esta localidad abundan ni\u00f1os y j\u00f3venes con grandes metas, sue\u00f1os\u2026 un impulso de solidaridad podr\u00eda ampliar el panorama de esta poblaci\u00f3n, m\u00e1s all\u00e1 de los cerros sur occidentales, desde la mejor vista de Bogot\u00e1, ver\u00edan no solo la inmensidad de la ciudad con sus oportunidades, sino disfrutar\u00edan plenamente de todas sus posibilidades de desarrollo y progreso.<\/p>\n<p style=\"text-align: justify;\">Raz\u00f3n por la cual, Nueva Vida Para Todos se sum\u00f3 como facilitador de oportunidades, hace 21 a\u00f1os \u00a0y empez\u00f3 este encuentro entre dos mundos para el desarrollo de los proyectos de vida de los ni\u00f1os, ni\u00f1as y adolescentes de El Para\u00edso.<\/p>\n<p>[\/et_pb_text][\/et_pb_column][\/et_pb_row][et_pb_row make_equal=&#8221;on&#8221; _builder_version=&#8221;4.16&#8243; _module_preset=&#8221;default&#8221; background_enable_color=&#8221;off&#8221; background_enable_image=&#8221;off&#8221; custom_margin=&#8221;|auto|-87px|auto||&#8221; custom_padding=&#8221;48px||45px||false|true&#8221; custom_css_main_element=&#8221;align-items: center;&#8221; global_colors_info=&#8221;{}&#8221;][et_pb_column type=&#8221;4_4&#8243; _builder_version=&#8221;4.16&#8243; _module_preset=&#8221;default&#8221; global_colors_info=&#8221;{}&#8221;][et_pb_text _builder_version=&#8221;4.22.1&#8243; _module_preset=&#8221;default&#8221; text_font=&#8221;||||||||&#8221; module_alignment=&#8221;center&#8221; custom_margin=&#8221;||5px||false|false&#8221; global_colors_info=&#8221;{}&#8221;]<\/p>\n<h1 class=\"p1\">\u00a0S\u00c9 BIENVENIDO<\/h1>\n<p>[\/et_pb_text][et_pb_divider color=&#8221;#fbbc64&#8243; divider_weight=&#8221;5px&#8221; _builder_version=&#8221;4.16&#8243; _module_preset=&#8221;default&#8221; width=&#8221;80px&#8221; module_alignment=&#8221;left&#8221; custom_margin=&#8221;||0px||false|false&#8221; global_colors_info=&#8221;{}&#8221;][\/et_pb_divider][et_pb_gallery gallery_ids=&#8221;170,169&#8243; fullwidth=&#8221;on&#8221; _builder_version=&#8221;4.16&#8243; _module_preset=&#8221;default&#8221; background_layout=&#8221;dark&#8221; global_colors_info=&#8221;{}&#8221;][\/et_pb_gallery][et_pb_text _builder_version=&#8221;4.23.1&#8243; _module_preset=&#8221;default&#8221; max_height=&#8221;745px&#8221; custom_margin=&#8221;-39px||||false|false&#8221; custom_padding=&#8221;39px||39px||true|&#8221; global_colors_info=&#8221;{}&#8221;]<\/p>\n<p style=\"text-align: justify;\">Un barrio vibrante, espectaculares vistas e infancias descubriendo el gozo de aprender en entornos felices te esperan \u00a1Vis\u00edtanos! Es mucho m\u00e1s f\u00e1cil de lo que te puedes imaginar,\u00a0 solo cont\u00e1ctanos para\u00a0 acordar caminar juntos hasta nuestra Casa Azul donde todos los d\u00edas cultivamos proyectos de vida.<\/p>\n<p>[\/et_pb_text][\/et_pb_column][\/et_pb_row][et_pb_row _builder_version=&#8221;4.23.1&#8243; _module_preset=&#8221;default&#8221; global_colors_info=&#8221;{}&#8221;][et_pb_column type=&#8221;4_4&#8243; _builder_version=&#8221;4.23&#8243; _module_preset=&#8221;default&#8221; global_colors_info=&#8221;{}&#8221;][et_pb_video src=&#8221;https:\/\/youtu.be\/VUF3AzYQNlA?si=hEeXwL2-mmpBKUNi&#8221; _builder_version=&#8221;4.23&#8243; _module_preset=&#8221;default&#8221; custom_padding=&#8221;||16px|||&#8221; global_colors_info=&#8221;{}&#8221;][\/et_pb_video][\/et_pb_column][\/et_pb_row][et_pb_row _builder_version=&#8221;4.16&#8243; background_color=&#8221;#ffffff&#8221; custom_padding=&#8221;0|0px|0|0px|false|false&#8221; box_shadow_style=&#8221;preset3&#8243; box_shadow_vertical=&#8221;40px&#8221; box_shadow_blur=&#8221;100px&#8221; box_shadow_spread=&#8221;-30px&#8221; box_shadow_color=&#8221;rgba(0,0,0,0.22)&#8221; locked=&#8221;off&#8221; global_colors_info=&#8221;{}&#8221;][et_pb_column type=&#8221;4_4&#8243; _builder_version=&#8221;4.16&#8243; custom_padding=&#8221;|||&#8221; global_colors_info=&#8221;{}&#8221; custom_padding__hover=&#8221;|||&#8221;][et_pb_code _builder_version=&#8221;4.16&#8243; _module_preset=&#8221;default&#8221; global_colors_info=&#8221;{}&#8221;]<iframe src=\"https:\/\/www.google.com\/maps\/embed?pb=!1m18!1m12!1m3!1d3977.256463048585!2d-74.16402658426014!3d4.547806844228197!2m3!1f0!2f0!3f0!3m2!1i1024!2i768!4f13.1!3m3!1m2!1s0x8e3fa1c49f2beebf%3A0xad017f596b370024!2sFundaci%C3%B3n%20Nueva%20Vida%20para%20Todos!5e0!3m2!1ses!2sco!4v1622945589154!5m2!1ses!2sco\" width=\"100%\" height=\"400\" style=\"border:0;\" allowfullscreen=\"\" loading=\"lazy\"><\/iframe>[\/et_pb_code][\/et_pb_column][\/et_pb_row][et_pb_row use_custom_gutter=&#8221;on&#8221; gutter_width=&#8221;1&#8243; make_equal=&#8221;on&#8221; _builder_version=&#8221;4.16&#8243; _module_preset=&#8221;default&#8221; custom_padding=&#8221;||||false|false&#8221; custom_css_main_element=&#8221;align-items: center;&#8221; locked=&#8221;off&#8221; global_colors_info=&#8221;{}&#8221;][et_pb_column type=&#8221;4_4&#8243; _builder_version=&#8221;4.16&#8243; _module_preset=&#8221;default&#8221; background_enable_image=&#8221;off&#8221; background_size=&#8221;initial&#8221; background_position=&#8221;center_right&#8221; custom_padding=&#8221;|5px|2px||false|false&#8221; global_colors_info=&#8221;{}&#8221;][et_pb_image src=&#8221;https:\/\/nuevavidaparatodos.org\/wp-content\/uploads\/2021\/07\/ICONnvpt.png&#8221; title_text=&#8221;ICONnvpt&#8221; align=&#8221;center&#8221; _builder_version=&#8221;4.16&#8243; _module_preset=&#8221;default&#8221; max_width=&#8221;120px&#8221; module_alignment=&#8221;center&#8221; locked=&#8221;off&#8221; global_colors_info=&#8221;{}&#8221;][\/et_pb_image][et_pb_text _builder_version=&#8221;4.16&#8243; _module_preset=&#8221;default&#8221; text_orientation=&#8221;center&#8221; custom_margin=&#8221;0px||0px||false|false&#8221; custom_padding=&#8221;0px||0px||false|false&#8221; global_colors_info=&#8221;{}&#8221;]<\/p>\n<h2>HISTORIAS MEMORABLES<\/h2>\n<p>[\/et_pb_text][et_pb_divider color=&#8221;#05bcc1&#8243; divider_weight=&#8221;5px&#8221; _builder_version=&#8221;4.16&#8243; _module_preset=&#8221;default&#8221; width=&#8221;45px&#8221; module_alignment=&#8221;center&#8221; locked=&#8221;off&#8221; global_colors_info=&#8221;{}&#8221;][\/et_pb_divider][et_pb_text _builder_version=&#8221;4.25.1&#8243; _module_preset=&#8221;default&#8221; text_orientation=&#8221;center&#8221; max_width=&#8221;800px&#8221; module_alignment=&#8221;center&#8221; custom_margin=&#8221;0px||0px||false|false&#8221; custom_padding=&#8221;0px||0px||false|false&#8221; hover_enabled=&#8221;0&#8243; global_colors_info=&#8221;{}&#8221; sticky_enabled=&#8221;0&#8243;]<\/p>\n<p><span>Los protagonistas de nuestras memorias son el mejor balance de nuestra gesti\u00f3n,\u00a0 el resultado del impacto social de estos 23 a\u00f1os al servicio de nuestros beneficiarios.<\/span><\/p>\n<p>[\/et_pb_text][\/et_pb_column][\/et_pb_row][\/et_pb_section][et_pb_section fb_built=&#8221;1&#8243; _builder_version=&#8221;4.9.7&#8243; _module_preset=&#8221;default&#8221; background_color=&#8221;#FFFFFF&#8221; background_enable_image=&#8221;off&#8221; custom_padding=&#8221;||170px||false|false&#8221; global_module=&#8221;343&#8243; saved_tabs=&#8221;all&#8221; global_colors_info=&#8221;{}&#8221;][et_pb_row use_custom_gutter=&#8221;on&#8221; gutter_width=&#8221;2&#8243; _builder_version=&#8221;4.16&#8243; _module_preset=&#8221;default&#8221; saved_tabs=&#8221;all&#8221; global_colors_info=&#8221;{}&#8221;][et_pb_column type=&#8221;4_4&#8243; _builder_version=&#8221;4.16&#8243; _module_preset=&#8221;default&#8221; global_colors_info=&#8221;{}&#8221;][et_pb_blog fullwidth=&#8221;off&#8221; posts_number=&#8221;3&#8243; include_categories=&#8221;all&#8221; use_manual_excerpt=&#8221;off&#8221; excerpt_length=&#8221;130&#8243; show_more=&#8221;on&#8221; show_author=&#8221;off&#8221; show_categories=&#8221;off&#8221; show_pagination=&#8221;off&#8221; _builder_version=&#8221;4.16&#8243; _module_preset=&#8221;default&#8221; header_font=&#8221;|600|||||||&#8221; body_font=&#8221;||||||||&#8221; meta_font=&#8221;||||||||&#8221; meta_text_color=&#8221;#969696&#8243; meta_font_size=&#8221;14px&#8221; read_more_font=&#8221;|600||on|on||||&#8221; read_more_line_height=&#8221;2em&#8221; background_color=&#8221;RGBA(0,0,0,0)&#8221; module_alignment=&#8221;center&#8221; custom_padding=&#8221;||||false|false&#8221; custom_css_title=&#8221;margin-bottom: 3px;&#8221; custom_css_post_meta=&#8221;margin-top: -5px;&#8221; custom_css_featured_image=&#8221;||&#8221; border_width_all=&#8221;0px&#8221; box_shadow_style=&#8221;preset1&#8243; box_shadow_color=&#8221;rgba(0,0,0,0.09)&#8221; global_colors_info=&#8221;{}&#8221; transform_styles__hover_enabled=&#8221;off|hover&#8221; transform_scale__hover_enabled=&#8221;off|hover&#8221; transform_translate__hover_enabled=&#8221;off|hover&#8221; transform_rotate__hover_enabled=&#8221;off|hover&#8221; transform_skew__hover_enabled=&#8221;off|hover&#8221; transform_origin__hover_enabled=&#8221;off|hover&#8221;][\/et_pb_blog][et_pb_button button_url=&#8221;https:\/\/nuevavidaparatodos.org\/category\/testimonios\/&#8221; button_text=&#8221;VER TESTIMONIOS&#8221; button_alignment=&#8221;center&#8221; _builder_version=&#8221;4.16&#8243; _module_preset=&#8221;default&#8221; custom_button=&#8221;on&#8221; button_text_size=&#8221;16px&#8221; button_text_color=&#8221;#FFFFFF&#8221; button_bg_color=&#8221;#f95353&#8243; button_border_width=&#8221;4px&#8221; button_border_color=&#8221;#f95353&#8243; button_border_radius=&#8221;30px&#8221; button_font=&#8221;|600|||||||&#8221; button_use_icon=&#8221;off&#8221; custom_padding=&#8221;8px|20px|8px|20px|false|true&#8221; locked=&#8221;off&#8221; global_colors_info=&#8221;{}&#8221; button_bg_color__hover_enabled=&#8221;on|hover&#8221; button_bg_color__hover=&#8221;#f93939&#8243; button_bg_enable_color__hover=&#8221;on&#8221; transform_styles__hover_enabled=&#8221;on|hover&#8221; transform_scale__hover_enabled=&#8221;on|hover&#8221; transform_translate__hover_enabled=&#8221;on|hover&#8221; transform_rotate__hover_enabled=&#8221;on|hover&#8221; transform_skew__hover_enabled=&#8221;on|hover&#8221; transform_origin__hover_enabled=&#8221;on|hover&#8221; transform_scale__hover=&#8221;105%|105%&#8221; button_border_color__hover_enabled=&#8221;on|hover&#8221; button_border_color__hover=&#8221;#f93939&#8243;][\/et_pb_button][\/et_pb_column][\/et_pb_row][\/et_pb_section]<\/p>\n","protected":false},"excerpt":{"rendered":"<p>Ubicaci\u00f3n Ciudad Bol\u00edvarCiudad Bol\u00edvar es la tercera localidad m\u00e1s extensa de Bogot\u00e1, Colombia, ubicada al sur de la ciudad con m\u00e1s de 800.000 habitantes y 254 barrios.\u00bfPOR QU\u00c9 CIUDAD BOL\u00cdVAR?Con la esperanza de construir un futuro mejor para sus familias, muchos de sus habitantes llegaron a Ciudad Bol\u00edvar, que inici\u00f3 como barrios de invasi\u00f3n, refugiados [&hellip;]<\/p>\n","protected":false},"author":4,"featured_media":0,"parent":0,"menu_order":0,"comment_status":"closed","ping_status":"closed","template":"","meta":{"nf_dc_page":"","_et_pb_use_builder":"on","_et_pb_old_content":"","_et_gb_content_width":"","footnotes":""},"class_list":["post-986","page","type-page","status-publish","hentry"],"yoast_head":"<!-- This site is optimized with the Yoast SEO Premium plugin v18.8 (Yoast SEO v27.5) - https:\/\/yoast.com\/product\/yoast-seo-premium-wordpress\/ -->\n<title>UBICACI\u00d3N - Nueva Vida Para Todos<\/title>\n<meta name=\"robots\" content=\"index, follow, max-snippet:-1, max-image-preview:large, max-video-preview:-1\" \/>\n<link rel=\"canonical\" href=\"https:\/\/nuevavidaparatodos.org\/en\/ubicacion\/\" \/>\n<meta property=\"og:locale\" content=\"en_US\" \/>\n<meta property=\"og:type\" content=\"article\" \/>\n<meta property=\"og:title\" content=\"UBICACI\u00d3N\" \/>\n<meta property=\"og:description\" content=\"Ubicaci\u00f3n Ciudad Bol\u00edvarCiudad Bol\u00edvar es la tercera localidad m\u00e1s extensa de Bogot\u00e1, Colombia, ubicada al sur de la ciudad con m\u00e1s de 800.000 habitantes y 254 barrios.\u00bfPOR QU\u00c9 CIUDAD BOL\u00cdVAR?Con la esperanza de construir un futuro mejor para sus familias, muchos de sus habitantes llegaron a Ciudad Bol\u00edvar, que inici\u00f3 como barrios de invasi\u00f3n, refugiados [&hellip;]\" \/>\n<meta property=\"og:url\" content=\"https:\/\/nuevavidaparatodos.org\/en\/ubicacion\/\" \/>\n<meta property=\"og:site_name\" content=\"Nueva Vida Para Todos\" \/>\n<meta property=\"article:modified_time\" content=\"2024-05-21T20:00:18+00:00\" \/>\n<meta name=\"twitter:card\" content=\"summary_large_image\" \/>\n<meta name=\"twitter:label1\" content=\"Est. reading time\" \/>\n\t<meta name=\"twitter:data1\" content=\"8 minutes\" \/>\n<script type=\"application\/ld+json\" class=\"yoast-schema-graph\">{\"@context\":\"https:\\\/\\\/schema.org\",\"@graph\":[{\"@type\":\"WebPage\",\"@id\":\"https:\\\/\\\/nuevavidaparatodos.org\\\/ubicacion\\\/\",\"url\":\"https:\\\/\\\/nuevavidaparatodos.org\\\/ubicacion\\\/\",\"name\":\"UBICACI\u00d3N - Nueva Vida Para Todos\",\"isPartOf\":{\"@id\":\"https:\\\/\\\/nuevavidaparatodos.org\\\/#website\"},\"datePublished\":\"2021-07-23T22:46:06+00:00\",\"dateModified\":\"2024-05-21T20:00:18+00:00\",\"breadcrumb\":{\"@id\":\"https:\\\/\\\/nuevavidaparatodos.org\\\/ubicacion\\\/#breadcrumb\"},\"inLanguage\":\"en-US\",\"potentialAction\":[{\"@type\":\"ReadAction\",\"target\":[\"https:\\\/\\\/nuevavidaparatodos.org\\\/ubicacion\\\/\"]}]},{\"@type\":\"BreadcrumbList\",\"@id\":\"https:\\\/\\\/nuevavidaparatodos.org\\\/ubicacion\\\/#breadcrumb\",\"itemListElement\":[{\"@type\":\"ListItem\",\"position\":1,\"name\":\"Portada\",\"item\":\"https:\\\/\\\/nuevavidaparatodos.org\\\/\"},{\"@type\":\"ListItem\",\"position\":2,\"name\":\"UBICACI\u00d3N\"}]},{\"@type\":\"WebSite\",\"@id\":\"https:\\\/\\\/nuevavidaparatodos.org\\\/#website\",\"url\":\"https:\\\/\\\/nuevavidaparatodos.org\\\/\",\"name\":\"Nueva Vida Para Todos\",\"description\":\"\",\"potentialAction\":[{\"@type\":\"SearchAction\",\"target\":{\"@type\":\"EntryPoint\",\"urlTemplate\":\"https:\\\/\\\/nuevavidaparatodos.org\\\/?s={search_term_string}\"},\"query-input\":{\"@type\":\"PropertyValueSpecification\",\"valueRequired\":true,\"valueName\":\"search_term_string\"}}],\"inLanguage\":\"en-US\"}]}<\/script>\n<!-- \/ Yoast SEO Premium plugin. -->","yoast_head_json":{"title":"UBICACI\u00d3N - Nueva Vida Para Todos","robots":{"index":"index","follow":"follow","max-snippet":"max-snippet:-1","max-image-preview":"max-image-preview:large","max-video-preview":"max-video-preview:-1"},"canonical":"https:\/\/nuevavidaparatodos.org\/en\/ubicacion\/","og_locale":"en_US","og_type":"article","og_title":"UBICACI\u00d3N","og_description":"Ubicaci\u00f3n Ciudad Bol\u00edvarCiudad Bol\u00edvar es la tercera localidad m\u00e1s extensa de Bogot\u00e1, Colombia, ubicada al sur de la ciudad con m\u00e1s de 800.000 habitantes y 254 barrios.\u00bfPOR QU\u00c9 CIUDAD BOL\u00cdVAR?Con la esperanza de construir un futuro mejor para sus familias, muchos de sus habitantes llegaron a Ciudad Bol\u00edvar, que inici\u00f3 como barrios de invasi\u00f3n, refugiados [&hellip;]","og_url":"https:\/\/nuevavidaparatodos.org\/en\/ubicacion\/","og_site_name":"Nueva Vida Para Todos","article_modified_time":"2024-05-21T20:00:18+00:00","twitter_card":"summary_large_image","twitter_misc":{"Est. reading time":"8 minutes"},"schema":{"@context":"https:\/\/schema.org","@graph":[{"@type":"WebPage","@id":"https:\/\/nuevavidaparatodos.org\/ubicacion\/","url":"https:\/\/nuevavidaparatodos.org\/ubicacion\/","name":"UBICACI\u00d3N - Nueva Vida Para Todos","isPartOf":{"@id":"https:\/\/nuevavidaparatodos.org\/#website"},"datePublished":"2021-07-23T22:46:06+00:00","dateModified":"2024-05-21T20:00:18+00:00","breadcrumb":{"@id":"https:\/\/nuevavidaparatodos.org\/ubicacion\/#breadcrumb"},"inLanguage":"en-US","potentialAction":[{"@type":"ReadAction","target":["https:\/\/nuevavidaparatodos.org\/ubicacion\/"]}]},{"@type":"BreadcrumbList","@id":"https:\/\/nuevavidaparatodos.org\/ubicacion\/#breadcrumb","itemListElement":[{"@type":"ListItem","position":1,"name":"Portada","item":"https:\/\/nuevavidaparatodos.org\/"},{"@type":"ListItem","position":2,"name":"UBICACI\u00d3N"}]},{"@type":"WebSite","@id":"https:\/\/nuevavidaparatodos.org\/#website","url":"https:\/\/nuevavidaparatodos.org\/","name":"New Life For All","description":"","potentialAction":[{"@type":"SearchAction","target":{"@type":"EntryPoint","urlTemplate":"https:\/\/nuevavidaparatodos.org\/?s={search_term_string}"},"query-input":{"@type":"PropertyValueSpecification","valueRequired":true,"valueName":"search_term_string"}}],"inLanguage":"en-US"}]}},"jetpack_sharing_enabled":true,"_links":{"self":[{"href":"https:\/\/nuevavidaparatodos.org\/en\/wp-json\/wp\/v2\/pages\/986","targetHints":{"allow":["GET"]}}],"collection":[{"href":"https:\/\/nuevavidaparatodos.org\/en\/wp-json\/wp\/v2\/pages"}],"about":[{"href":"https:\/\/nuevavidaparatodos.org\/en\/wp-json\/wp\/v2\/types\/page"}],"author":[{"embeddable":true,"href":"https:\/\/nuevavidaparatodos.org\/en\/wp-json\/wp\/v2\/users\/4"}],"replies":[{"embeddable":true,"href":"https:\/\/nuevavidaparatodos.org\/en\/wp-json\/wp\/v2\/comments?post=986"}],"version-history":[{"count":4,"href":"https:\/\/nuevavidaparatodos.org\/en\/wp-json\/wp\/v2\/pages\/986\/revisions"}],"predecessor-version":[{"id":2988,"href":"https:\/\/nuevavidaparatodos.org\/en\/wp-json\/wp\/v2\/pages\/986\/revisions\/2988"}],"wp:attachment":[{"href":"https:\/\/nuevavidaparatodos.org\/en\/wp-json\/wp\/v2\/media?parent=986"}],"curies":[{"name":"wp","href":"https:\/\/api.w.org\/{rel}","templated":true}]}}