{"id":2494,"date":"2023-10-16T04:29:10","date_gmt":"2023-10-16T04:29:10","guid":{"rendered":"https:\/\/nuevavidaparatodos.org\/?post_type=product&#038;p=2494"},"modified":"2023-11-07T19:41:05","modified_gmt":"2023-11-07T19:41:05","slug":"tarjeta-de-navidad-generosidad","status":"publish","type":"product","link":"https:\/\/nuevavidaparatodos.org\/en\/product\/tarjeta-de-navidad-generosidad\/","title":{"rendered":"Christmas Gift Cards |Bundle| \u2013 Generosity Motive"},"content":{"rendered":"<p>[et_pb_section fb_built=&#8221;1&#8243; _builder_version=&#8221;4.16&#8243; custom_padding=&#8221;0px||||false|false&#8221; global_colors_info=&#8221;{}&#8221;][et_pb_row _builder_version=&#8221;4.16&#8243; background_size=&#8221;initial&#8221; background_position=&#8221;top_left&#8221; background_repeat=&#8221;repeat&#8221; width=&#8221;100%&#8221; custom_padding=&#8221;0px||0px||false|false&#8221; global_colors_info=&#8221;{}&#8221;][et_pb_column type=&#8221;4_4&#8243; _builder_version=&#8221;4.16&#8243; custom_padding=&#8221;|||&#8221; global_colors_info=&#8221;{}&#8221; custom_padding__hover=&#8221;|||&#8221;][et_pb_wc_breadcrumb _builder_version=&#8221;4.16&#8243; global_colors_info=&#8221;{}&#8221;][\/et_pb_wc_breadcrumb][et_pb_wc_cart_notice _builder_version=&#8221;4.16&#8243; global_colors_info=&#8221;{}&#8221;][\/et_pb_wc_cart_notice][\/et_pb_column][\/et_pb_row][et_pb_row column_structure=&#8221;1_2,1_2&#8243; _builder_version=&#8221;4.16&#8243; background_size=&#8221;initial&#8221; background_position=&#8221;top_left&#8221; background_repeat=&#8221;repeat&#8221; width=&#8221;100%&#8221; custom_padding=&#8221;0px||||false|false&#8221; global_colors_info=&#8221;{}&#8221;][et_pb_column type=&#8221;1_2&#8243; _builder_version=&#8221;4.16&#8243; custom_padding=&#8221;|||&#8221; global_colors_info=&#8221;{}&#8221; custom_padding__hover=&#8221;|||&#8221;][et_pb_wc_images _builder_version=&#8221;4.16&#8243; global_colors_info=&#8221;{}&#8221;][\/et_pb_wc_images][\/et_pb_column][et_pb_column type=&#8221;1_2&#8243; _builder_version=&#8221;4.16&#8243; custom_padding=&#8221;|||&#8221; global_colors_info=&#8221;{}&#8221; custom_padding__hover=&#8221;|||&#8221;][et_pb_wc_title _builder_version=&#8221;4.16&#8243; global_colors_info=&#8221;{}&#8221;][\/et_pb_wc_title][et_pb_wc_rating _builder_version=&#8221;4.16&#8243; global_colors_info=&#8221;{}&#8221;][\/et_pb_wc_rating][et_pb_wc_price _builder_version=&#8221;4.22.2&#8243; global_colors_info=&#8221;{}&#8221;][\/et_pb_wc_price][et_pb_wc_description _builder_version=&#8221;4.16&#8243; global_colors_info=&#8221;{}&#8221;][\/et_pb_wc_description][et_pb_wc_add_to_cart _builder_version=&#8221;4.22.2&#8243; fields_custom_padding=&#8221;|50px||50px|false|false&#8221; custom_button=&#8221;on&#8221; global_colors_info=&#8221;{}&#8221;][\/et_pb_wc_add_to_cart][et_pb_wc_meta _builder_version=&#8221;4.16&#8243; global_colors_info=&#8221;{}&#8221;][\/et_pb_wc_meta][\/et_pb_column][\/et_pb_row][et_pb_row _builder_version=&#8221;4.16&#8243; background_size=&#8221;initial&#8221; background_position=&#8221;top_left&#8221; background_repeat=&#8221;repeat&#8221; width=&#8221;100%&#8221; global_colors_info=&#8221;{}&#8221;][et_pb_column type=&#8221;4_4&#8243; _builder_version=&#8221;4.16&#8243; custom_padding=&#8221;|||&#8221; global_colors_info=&#8221;{}&#8221; custom_padding__hover=&#8221;|||&#8221;][et_pb_wc_tabs _builder_version=&#8221;4.16&#8243; global_colors_info=&#8221;{}&#8221;]\t\t\t\t\t[\/et_pb_wc_tabs][et_pb_wc_upsells _builder_version=&#8221;4.16&#8243; global_colors_info=&#8221;{}&#8221;][\/et_pb_wc_upsells][et_pb_wc_related_products _builder_version=&#8221;4.16&#8243; global_colors_info=&#8221;{}&#8221;][\/et_pb_wc_related_products][\/et_pb_column][\/et_pb_row][\/et_pb_section]<\/p>\n","protected":false},"excerpt":{"rendered":"<p>Pack of cards for giving and receiving gifts, Christmas motifs.<br \/>\nPackages are available from 100 units in 240gr propalcote.<\/p>","protected":false},"featured_media":2474,"comment_status":"closed","ping_status":"closed","template":"","meta":{"nf_dc_page":"","_et_pb_use_builder":"on","_et_pb_old_content":"Tarjeta navide\u00f1a para otorgar y recibir regalos te permite compartir con quienes aprecias apoyando una causa social.\r\n\r\nTama\u00f1o de tarjeta: 3,2x5,5 cm\r\nMaterial: Propalcote 240gr \/ Sticker\r\nImpresi\u00f3n: Litogr\u00e1fica, todo color 4x0 tintas (una cara)\r\nAcabados: Refilado\r\n\r\nCantidad m\u00ednima a comprar, 100 unidades.\r\n\r\nIncluye cord\u00f3n o adhesivo seg\u00fan elecci\u00f3n.\r\nCosto de env\u00edo: 16.000","_et_gb_content_width":""},"product_brand":[],"product_cat":[55],"product_tag":[43,46,44,45],"class_list":{"0":"post-2494","1":"product","2":"type-product","3":"status-publish","4":"has-post-thumbnail","6":"product_cat-empresas","7":"product_tag-navidad","8":"product_tag-regalo","9":"product_tag-tarjeta-de-navidad","10":"product_tag-tarjeta-de-regalo","12":"first","13":"onbackorder","14":"shipping-taxable","15":"purchasable","16":"product-type-variable"},"yoast_head":"<!-- This site is optimized with the Yoast SEO Premium plugin v18.8 (Yoast SEO v27.5) - https:\/\/yoast.com\/product\/yoast-seo-premium-wordpress\/ -->\n<title>Tarjetas de regalo navide\u00f1as |Paquete| - Motivo Generosidad - Nueva Vida Para Todos<\/title>\n<meta name=\"robots\" content=\"index, follow, max-snippet:-1, max-image-preview:large, max-video-preview:-1\" \/>\n<link rel=\"canonical\" href=\"https:\/\/nuevavidaparatodos.org\/en\/product\/tarjeta-de-navidad-generosidad\/\" \/>\n<meta property=\"og:locale\" content=\"en_US\" \/>\n<meta property=\"og:type\" content=\"article\" \/>\n<meta property=\"og:title\" content=\"Tarjetas de regalo navide\u00f1as |Paquete| - Motivo Generosidad\" \/>\n<meta property=\"og:description\" content=\"Paquete de tarjetas para otorgar y recibir regalos, motivos navide\u00f1os. Los paquetes vienen disponible a partir de 100 unidades en propalcote 240gr.\" \/>\n<meta property=\"og:url\" content=\"https:\/\/nuevavidaparatodos.org\/en\/product\/tarjeta-de-navidad-generosidad\/\" \/>\n<meta property=\"og:site_name\" content=\"Nueva Vida Para Todos\" \/>\n<meta property=\"article:modified_time\" content=\"2023-11-07T19:41:05+00:00\" \/>\n<meta property=\"og:image\" content=\"https:\/\/nuevavidaparatodos.org\/wp-content\/uploads\/2023\/10\/Sin-titulo-1-03.jpg\" \/>\n\t<meta property=\"og:image:width\" content=\"1055\" \/>\n\t<meta property=\"og:image:height\" content=\"705\" \/>\n\t<meta property=\"og:image:type\" content=\"image\/jpeg\" \/>\n<meta name=\"twitter:card\" content=\"summary_large_image\" \/>\n<meta name=\"twitter:label1\" content=\"Est. reading time\" \/>\n\t<meta name=\"twitter:data1\" content=\"1 minute\" \/>\n<script type=\"application\/ld+json\" class=\"yoast-schema-graph\">{\"@context\":\"https:\\\/\\\/schema.org\",\"@graph\":[{\"@type\":\"WebPage\",\"@id\":\"https:\\\/\\\/nuevavidaparatodos.org\\\/producto\\\/tarjeta-de-navidad-generosidad\\\/\",\"url\":\"https:\\\/\\\/nuevavidaparatodos.org\\\/producto\\\/tarjeta-de-navidad-generosidad\\\/\",\"name\":\"Tarjetas de regalo navide\u00f1as |Paquete| - Motivo Generosidad - Nueva Vida Para Todos\",\"isPartOf\":{\"@id\":\"https:\\\/\\\/nuevavidaparatodos.org\\\/#website\"},\"primaryImageOfPage\":{\"@id\":\"https:\\\/\\\/nuevavidaparatodos.org\\\/producto\\\/tarjeta-de-navidad-generosidad\\\/#primaryimage\"},\"image\":{\"@id\":\"https:\\\/\\\/nuevavidaparatodos.org\\\/producto\\\/tarjeta-de-navidad-generosidad\\\/#primaryimage\"},\"thumbnailUrl\":\"https:\\\/\\\/i0.wp.com\\\/nuevavidaparatodos.org\\\/wp-content\\\/uploads\\\/2023\\\/10\\\/Sin-titulo-1-03.jpg?fit=1055%2C705&ssl=1\",\"datePublished\":\"2023-10-16T04:29:10+00:00\",\"dateModified\":\"2023-11-07T19:41:05+00:00\",\"breadcrumb\":{\"@id\":\"https:\\\/\\\/nuevavidaparatodos.org\\\/producto\\\/tarjeta-de-navidad-generosidad\\\/#breadcrumb\"},\"inLanguage\":\"en-US\",\"potentialAction\":[{\"@type\":\"ReadAction\",\"target\":[\"https:\\\/\\\/nuevavidaparatodos.org\\\/producto\\\/tarjeta-de-navidad-generosidad\\\/\"]}]},{\"@type\":\"ImageObject\",\"inLanguage\":\"en-US\",\"@id\":\"https:\\\/\\\/nuevavidaparatodos.org\\\/producto\\\/tarjeta-de-navidad-generosidad\\\/#primaryimage\",\"url\":\"https:\\\/\\\/i0.wp.com\\\/nuevavidaparatodos.org\\\/wp-content\\\/uploads\\\/2023\\\/10\\\/Sin-titulo-1-03.jpg?fit=1055%2C705&ssl=1\",\"contentUrl\":\"https:\\\/\\\/i0.wp.com\\\/nuevavidaparatodos.org\\\/wp-content\\\/uploads\\\/2023\\\/10\\\/Sin-titulo-1-03.jpg?fit=1055%2C705&ssl=1\",\"width\":1055,\"height\":705,\"caption\":\"2023 Tarjeta Navide\u00f1a modelo Generosidad\"},{\"@type\":\"BreadcrumbList\",\"@id\":\"https:\\\/\\\/nuevavidaparatodos.org\\\/producto\\\/tarjeta-de-navidad-generosidad\\\/#breadcrumb\",\"itemListElement\":[{\"@type\":\"ListItem\",\"position\":1,\"name\":\"Portada\",\"item\":\"https:\\\/\\\/nuevavidaparatodos.org\\\/\"},{\"@type\":\"ListItem\",\"position\":2,\"name\":\"Tienda Solidaria\",\"item\":\"https:\\\/\\\/nuevavidaparatodos.org\\\/tienda-solidaria\\\/\"},{\"@type\":\"ListItem\",\"position\":3,\"name\":\"Tarjetas de regalo navide\u00f1as |Paquete| &#8211; Motivo Generosidad\"}]},{\"@type\":\"WebSite\",\"@id\":\"https:\\\/\\\/nuevavidaparatodos.org\\\/#website\",\"url\":\"https:\\\/\\\/nuevavidaparatodos.org\\\/\",\"name\":\"Nueva Vida Para Todos\",\"description\":\"\",\"potentialAction\":[{\"@type\":\"SearchAction\",\"target\":{\"@type\":\"EntryPoint\",\"urlTemplate\":\"https:\\\/\\\/nuevavidaparatodos.org\\\/?s={search_term_string}\"},\"query-input\":{\"@type\":\"PropertyValueSpecification\",\"valueRequired\":true,\"valueName\":\"search_term_string\"}}],\"inLanguage\":\"en-US\"}]}<\/script>\n<!-- \/ Yoast SEO Premium plugin. -->","yoast_head_json":{"title":"Tarjetas de regalo navide\u00f1as |Paquete| - Motivo Generosidad - Nueva Vida Para Todos","robots":{"index":"index","follow":"follow","max-snippet":"max-snippet:-1","max-image-preview":"max-image-preview:large","max-video-preview":"max-video-preview:-1"},"canonical":"https:\/\/nuevavidaparatodos.org\/en\/product\/tarjeta-de-navidad-generosidad\/","og_locale":"en_US","og_type":"article","og_title":"Tarjetas de regalo navide\u00f1as |Paquete| - Motivo Generosidad","og_description":"Paquete de tarjetas para otorgar y recibir regalos, motivos navide\u00f1os. Los paquetes vienen disponible a partir de 100 unidades en propalcote 240gr.","og_url":"https:\/\/nuevavidaparatodos.org\/en\/product\/tarjeta-de-navidad-generosidad\/","og_site_name":"Nueva Vida Para Todos","article_modified_time":"2023-11-07T19:41:05+00:00","og_image":[{"width":1055,"height":705,"url":"https:\/\/nuevavidaparatodos.org\/wp-content\/uploads\/2023\/10\/Sin-titulo-1-03.jpg","type":"image\/jpeg"}],"twitter_card":"summary_large_image","twitter_misc":{"Est. reading time":"1 minute"},"schema":{"@context":"https:\/\/schema.org","@graph":[{"@type":"WebPage","@id":"https:\/\/nuevavidaparatodos.org\/producto\/tarjeta-de-navidad-generosidad\/","url":"https:\/\/nuevavidaparatodos.org\/producto\/tarjeta-de-navidad-generosidad\/","name":"Tarjetas de regalo navide\u00f1as |Paquete| - Motivo Generosidad - Nueva Vida Para Todos","isPartOf":{"@id":"https:\/\/nuevavidaparatodos.org\/#website"},"primaryImageOfPage":{"@id":"https:\/\/nuevavidaparatodos.org\/producto\/tarjeta-de-navidad-generosidad\/#primaryimage"},"image":{"@id":"https:\/\/nuevavidaparatodos.org\/producto\/tarjeta-de-navidad-generosidad\/#primaryimage"},"thumbnailUrl":"https:\/\/i0.wp.com\/nuevavidaparatodos.org\/wp-content\/uploads\/2023\/10\/Sin-titulo-1-03.jpg?fit=1055%2C705&ssl=1","datePublished":"2023-10-16T04:29:10+00:00","dateModified":"2023-11-07T19:41:05+00:00","breadcrumb":{"@id":"https:\/\/nuevavidaparatodos.org\/producto\/tarjeta-de-navidad-generosidad\/#breadcrumb"},"inLanguage":"en-US","potentialAction":[{"@type":"ReadAction","target":["https:\/\/nuevavidaparatodos.org\/producto\/tarjeta-de-navidad-generosidad\/"]}]},{"@type":"ImageObject","inLanguage":"en-US","@id":"https:\/\/nuevavidaparatodos.org\/producto\/tarjeta-de-navidad-generosidad\/#primaryimage","url":"https:\/\/i0.wp.com\/nuevavidaparatodos.org\/wp-content\/uploads\/2023\/10\/Sin-titulo-1-03.jpg?fit=1055%2C705&ssl=1","contentUrl":"https:\/\/i0.wp.com\/nuevavidaparatodos.org\/wp-content\/uploads\/2023\/10\/Sin-titulo-1-03.jpg?fit=1055%2C705&ssl=1","width":1055,"height":705,"caption":"2023 Tarjeta Navide\u00f1a modelo Generosidad"},{"@type":"BreadcrumbList","@id":"https:\/\/nuevavidaparatodos.org\/producto\/tarjeta-de-navidad-generosidad\/#breadcrumb","itemListElement":[{"@type":"ListItem","position":1,"name":"Portada","item":"https:\/\/nuevavidaparatodos.org\/"},{"@type":"ListItem","position":2,"name":"Tienda Solidaria","item":"https:\/\/nuevavidaparatodos.org\/tienda-solidaria\/"},{"@type":"ListItem","position":3,"name":"Tarjetas de regalo navide\u00f1as |Paquete| &#8211; Motivo Generosidad"}]},{"@type":"WebSite","@id":"https:\/\/nuevavidaparatodos.org\/#website","url":"https:\/\/nuevavidaparatodos.org\/","name":"New Life For All","description":"","potentialAction":[{"@type":"SearchAction","target":{"@type":"EntryPoint","urlTemplate":"https:\/\/nuevavidaparatodos.org\/?s={search_term_string}"},"query-input":{"@type":"PropertyValueSpecification","valueRequired":true,"valueName":"search_term_string"}}],"inLanguage":"en-US"}]}},"jetpack_sharing_enabled":true,"_links":{"self":[{"href":"https:\/\/nuevavidaparatodos.org\/en\/wp-json\/wp\/v2\/product\/2494","targetHints":{"allow":["GET"]}}],"collection":[{"href":"https:\/\/nuevavidaparatodos.org\/en\/wp-json\/wp\/v2\/product"}],"about":[{"href":"https:\/\/nuevavidaparatodos.org\/en\/wp-json\/wp\/v2\/types\/product"}],"replies":[{"embeddable":true,"href":"https:\/\/nuevavidaparatodos.org\/en\/wp-json\/wp\/v2\/comments?post=2494"}],"wp:featuredmedia":[{"embeddable":true,"href":"https:\/\/nuevavidaparatodos.org\/en\/wp-json\/wp\/v2\/media\/2474"}],"wp:attachment":[{"href":"https:\/\/nuevavidaparatodos.org\/en\/wp-json\/wp\/v2\/media?parent=2494"}],"wp:term":[{"taxonomy":"product_brand","embeddable":true,"href":"https:\/\/nuevavidaparatodos.org\/en\/wp-json\/wp\/v2\/product_brand?post=2494"},{"taxonomy":"product_cat","embeddable":true,"href":"https:\/\/nuevavidaparatodos.org\/en\/wp-json\/wp\/v2\/product_cat?post=2494"},{"taxonomy":"product_tag","embeddable":true,"href":"https:\/\/nuevavidaparatodos.org\/en\/wp-json\/wp\/v2\/product_tag?post=2494"}],"curies":[{"name":"wp","href":"https:\/\/api.w.org\/{rel}","templated":true}]}}